{"id":42412,"date":"2025-11-10T15:50:57","date_gmt":"2025-11-10T14:50:57","guid":{"rendered":"https:\/\/www.ernstbrunn-apotheke.at\/katalog\/produkt\/hansaplast-kids-16-stk-star-wars\/"},"modified":"2025-12-08T16:09:23","modified_gmt":"2025-12-08T15:09:23","slug":"hansaplast-kids-16-stk-star-wars","status":"publish","type":"product","link":"https:\/\/www.ernstbrunn-apotheke.at\/katalog\/produkt\/hansaplast-kids-16-stk-star-wars\/","title":{"rendered":"Hansaplast Kids 16 Stk. Star Wars"},"content":{"rendered":"<p>Hansaplast Kids Pflaster Star Wars mit Sammel-Charakter werden Ihren Kleinen helfen, Tr\u00e4nen zu vergessen und ihnen den Spa\u00df in Rekordzeit zur\u00fcck zu bringen. Sie werden es kaum abwarten k\u00f6nnen, sich verschiedene Pflastermotive mit ihren Lieblingscharakteren aus dem Film aufzukleben.<\/p>\n","protected":false},"excerpt":{"rendered":"<p>Hansaplast Kids Pflaster Star Wars mit Sammel-Charakter werden Ihren Kleinen helfen, Tr\u00e4nen zu vergessen und ihnen den Spa\u00df in Rekordzeit zur\u00fcck zu bringen. Sie werden es kaum abwarten k\u00f6nnen, sich verschiedene Pflastermotive mit ihren Lieblingscharakteren aus dem Film aufzukleben.<\/p>\n","protected":false},"featured_media":42414,"template":"","meta":{"_acf_changed":false},"product_brand":[328],"product_cat":[805],"product_tag":[],"class_list":{"0":"post-42412","1":"product","2":"type-product","3":"status-publish","4":"has-post-thumbnail","6":"product_brand-hansaplast","7":"product_cat-h","8":"pa_packungsgroesse-16-stueck","10":"first","11":"instock","12":"shipping-taxable","13":"purchasable","14":"product-type-simple"},"acf":[],"_links":{"self":[{"href":"https:\/\/www.ernstbrunn-apotheke.at\/katalog\/wp-json\/wp\/v2\/product\/42412","targetHints":{"allow":["GET"]}}],"collection":[{"href":"https:\/\/www.ernstbrunn-apotheke.at\/katalog\/wp-json\/wp\/v2\/product"}],"about":[{"href":"https:\/\/www.ernstbrunn-apotheke.at\/katalog\/wp-json\/wp\/v2\/types\/product"}],"wp:featuredmedia":[{"embeddable":true,"href":"https:\/\/www.ernstbrunn-apotheke.at\/katalog\/wp-json\/wp\/v2\/media\/42414"}],"wp:attachment":[{"href":"https:\/\/www.ernstbrunn-apotheke.at\/katalog\/wp-json\/wp\/v2\/media?parent=42412"}],"wp:term":[{"taxonomy":"product_brand","embeddable":true,"href":"https:\/\/www.ernstbrunn-apotheke.at\/katalog\/wp-json\/wp\/v2\/product_brand?post=42412"},{"taxonomy":"product_cat","embeddable":true,"href":"https:\/\/www.ernstbrunn-apotheke.at\/katalog\/wp-json\/wp\/v2\/product_cat?post=42412"},{"taxonomy":"product_tag","embeddable":true,"href":"https:\/\/www.ernstbrunn-apotheke.at\/katalog\/wp-json\/wp\/v2\/product_tag?post=42412"}],"curies":[{"name":"wp","href":"https:\/\/api.w.org\/{rel}","templated":true}]}}