{"id":42407,"date":"2025-11-10T15:50:30","date_gmt":"2025-11-10T14:50:30","guid":{"rendered":"https:\/\/www.ernstbrunn-apotheke.at\/katalog\/produkt\/gota-por-wundfilm-wf-50x72-5-stk\/"},"modified":"2025-12-08T16:09:20","modified_gmt":"2025-12-08T15:09:20","slug":"gota-por-wundfilm-wf-50x72-5-stk","status":"publish","type":"product","link":"https:\/\/www.ernstbrunn-apotheke.at\/katalog\/produkt\/gota-por-wundfilm-wf-50x72-5-stk\/","title":{"rendered":"Gota-Por Wundfilm WF 50&#215;72 5 Stk."},"content":{"rendered":"<p>Gothaplast ist ein gro\u00dfes kleines Unternehmen. Herausfordernd im Wettbewerb durch Qualit\u00e4t und Innovation. Gothaplast ist vor allem etwas sehr Pers\u00f6nliches: ein engagiertes Team von M\u00e4nnern und Frauen mit Werten und internationalem Horizont, traditionell fokussiert auf: Wundversorgung und transdermale Systeme.<\/p>\n","protected":false},"excerpt":{"rendered":"<p>Gothaplast ist ein gro\u00dfes kleines Unternehmen. Herausfordernd im Wettbewerb durch Qualit\u00e4t und Innovation. Gothaplast ist vor allem etwas sehr Pers\u00f6nliches: ein engagiertes Team von M\u00e4nnern und Frauen mit Werten und internationalem Horizont, traditionell fokussiert auf: Wundversorgung und transdermale Systeme.<\/p>\n","protected":false},"featured_media":0,"template":"","meta":{"_acf_changed":false},"product_brand":[],"product_cat":[810],"product_tag":[],"class_list":{"0":"post-42407","1":"product","2":"type-product","3":"status-publish","5":"product_cat-g","6":"pa_packungsgroesse-5-stueck","8":"first","9":"instock","10":"shipping-taxable","11":"purchasable","12":"product-type-simple"},"acf":[],"_links":{"self":[{"href":"https:\/\/www.ernstbrunn-apotheke.at\/katalog\/wp-json\/wp\/v2\/product\/42407","targetHints":{"allow":["GET"]}}],"collection":[{"href":"https:\/\/www.ernstbrunn-apotheke.at\/katalog\/wp-json\/wp\/v2\/product"}],"about":[{"href":"https:\/\/www.ernstbrunn-apotheke.at\/katalog\/wp-json\/wp\/v2\/types\/product"}],"wp:attachment":[{"href":"https:\/\/www.ernstbrunn-apotheke.at\/katalog\/wp-json\/wp\/v2\/media?parent=42407"}],"wp:term":[{"taxonomy":"product_brand","embeddable":true,"href":"https:\/\/www.ernstbrunn-apotheke.at\/katalog\/wp-json\/wp\/v2\/product_brand?post=42407"},{"taxonomy":"product_cat","embeddable":true,"href":"https:\/\/www.ernstbrunn-apotheke.at\/katalog\/wp-json\/wp\/v2\/product_cat?post=42407"},{"taxonomy":"product_tag","embeddable":true,"href":"https:\/\/www.ernstbrunn-apotheke.at\/katalog\/wp-json\/wp\/v2\/product_tag?post=42407"}],"curies":[{"name":"wp","href":"https:\/\/api.w.org\/{rel}","templated":true}]}}