{"id":42341,"date":"2025-11-10T15:49:27","date_gmt":"2025-11-10T14:49:27","guid":{"rendered":"https:\/\/www.ernstbrunn-apotheke.at\/katalog\/produkt\/blephaclean-pflege-tuecher-steril-20-stk\/"},"modified":"2025-12-08T16:09:00","modified_gmt":"2025-12-08T15:09:00","slug":"blephaclean-pflege-tuecher-steril-20-stk","status":"publish","type":"product","link":"https:\/\/www.ernstbrunn-apotheke.at\/katalog\/produkt\/blephaclean-pflege-tuecher-steril-20-stk\/","title":{"rendered":"Blephaclean Pflege T\u00fccher steril 20 Stk."},"content":{"rendered":"<p>Blephaclean\u00ae20 sterile, gebrauchsfertige Kompressen zur Reinigung und Regeneration der Augenlider und Lidr\u00e4nder. Die mizellenhaltige Lotion ist sehr gut vertr\u00e4glich und frei von Duftstoffen und Konservierungsmitteln. Hochwertige Inhaltsstoffe wie Hyalurons\u00e4ure, Iris Florentina und Centella Asiatica beg\u00fcnstigen die Mikrozirkulation und Hauterneuerung, verbessern die Elastizit\u00e4t der Augenlider und wirken hydratisierend und entz\u00fcndungshemmend.<\/p>\n","protected":false},"excerpt":{"rendered":"<p>Blephaclean\u00ae20 sterile, gebrauchsfertige Kompressen zur Reinigung und Regeneration der Augenlider und Lidr\u00e4nder. Die mizellenhaltige Lotion ist sehr gut vertr\u00e4glich und frei von Duftstoffen und Konservierungsmitteln. Hochwertige Inhaltsstoffe wie Hyalurons\u00e4ure, Iris Florentina und Centella Asiatica beg\u00fcnstigen die Mikrozirkulation und Hauterneuerung, verbessern die Elastizit\u00e4t der Augenlider und wirken hydratisierend und entz\u00fcndungshemmend.<\/p>\n","protected":false},"featured_media":42343,"template":"","meta":{"_acf_changed":false},"product_brand":[],"product_cat":[802],"product_tag":[],"class_list":{"0":"post-42341","1":"product","2":"type-product","3":"status-publish","4":"has-post-thumbnail","6":"product_cat-b","7":"pa_packungsgroesse-20-stueck","9":"first","10":"instock","11":"shipping-taxable","12":"purchasable","13":"product-type-simple"},"acf":[],"_links":{"self":[{"href":"https:\/\/www.ernstbrunn-apotheke.at\/katalog\/wp-json\/wp\/v2\/product\/42341","targetHints":{"allow":["GET"]}}],"collection":[{"href":"https:\/\/www.ernstbrunn-apotheke.at\/katalog\/wp-json\/wp\/v2\/product"}],"about":[{"href":"https:\/\/www.ernstbrunn-apotheke.at\/katalog\/wp-json\/wp\/v2\/types\/product"}],"wp:featuredmedia":[{"embeddable":true,"href":"https:\/\/www.ernstbrunn-apotheke.at\/katalog\/wp-json\/wp\/v2\/media\/42343"}],"wp:attachment":[{"href":"https:\/\/www.ernstbrunn-apotheke.at\/katalog\/wp-json\/wp\/v2\/media?parent=42341"}],"wp:term":[{"taxonomy":"product_brand","embeddable":true,"href":"https:\/\/www.ernstbrunn-apotheke.at\/katalog\/wp-json\/wp\/v2\/product_brand?post=42341"},{"taxonomy":"product_cat","embeddable":true,"href":"https:\/\/www.ernstbrunn-apotheke.at\/katalog\/wp-json\/wp\/v2\/product_cat?post=42341"},{"taxonomy":"product_tag","embeddable":true,"href":"https:\/\/www.ernstbrunn-apotheke.at\/katalog\/wp-json\/wp\/v2\/product_tag?post=42341"}],"curies":[{"name":"wp","href":"https:\/\/api.w.org\/{rel}","templated":true}]}}