{"id":42330,"date":"2025-11-10T15:48:49","date_gmt":"2025-11-10T14:48:49","guid":{"rendered":"https:\/\/www.ernstbrunn-apotheke.at\/katalog\/produkt\/hansaplast-kids-strips-star-wars-16-stk\/"},"modified":"2025-12-08T16:08:56","modified_gmt":"2025-12-08T15:08:56","slug":"hansaplast-kids-strips-star-wars-16-stk","status":"publish","type":"product","link":"https:\/\/www.ernstbrunn-apotheke.at\/katalog\/produkt\/hansaplast-kids-strips-star-wars-16-stk\/","title":{"rendered":"Hansaplast Kids Strips Star Wars 16 Stk."},"content":{"rendered":"<p>Hansaplast Kids Strips im Star Wars Design sch\u00fctzt und polstert die Wunde, l\u00e4sst sich schmerzlos entfernen und ist hautfreundlich. Die Farben sind f\u00fcr Kinder ungef\u00e4hrlich.<\/p>\n","protected":false},"excerpt":{"rendered":"<p>Hansaplast Kids Strips im Star Wars Design sch\u00fctzt und polstert die Wunde, l\u00e4sst sich schmerzlos entfernen und ist hautfreundlich. Die Farben sind f\u00fcr Kinder ungef\u00e4hrlich.<\/p>\n","protected":false},"featured_media":0,"template":"","meta":{"_acf_changed":false},"product_brand":[328],"product_cat":[805],"product_tag":[],"class_list":{"0":"post-42330","1":"product","2":"type-product","3":"status-publish","5":"product_brand-hansaplast","6":"product_cat-h","7":"pa_packungsgroesse-16-stueck","9":"first","10":"instock","11":"shipping-taxable","12":"purchasable","13":"product-type-simple"},"acf":[],"_links":{"self":[{"href":"https:\/\/www.ernstbrunn-apotheke.at\/katalog\/wp-json\/wp\/v2\/product\/42330","targetHints":{"allow":["GET"]}}],"collection":[{"href":"https:\/\/www.ernstbrunn-apotheke.at\/katalog\/wp-json\/wp\/v2\/product"}],"about":[{"href":"https:\/\/www.ernstbrunn-apotheke.at\/katalog\/wp-json\/wp\/v2\/types\/product"}],"wp:attachment":[{"href":"https:\/\/www.ernstbrunn-apotheke.at\/katalog\/wp-json\/wp\/v2\/media?parent=42330"}],"wp:term":[{"taxonomy":"product_brand","embeddable":true,"href":"https:\/\/www.ernstbrunn-apotheke.at\/katalog\/wp-json\/wp\/v2\/product_brand?post=42330"},{"taxonomy":"product_cat","embeddable":true,"href":"https:\/\/www.ernstbrunn-apotheke.at\/katalog\/wp-json\/wp\/v2\/product_cat?post=42330"},{"taxonomy":"product_tag","embeddable":true,"href":"https:\/\/www.ernstbrunn-apotheke.at\/katalog\/wp-json\/wp\/v2\/product_tag?post=42330"}],"curies":[{"name":"wp","href":"https:\/\/api.w.org\/{rel}","templated":true}]}}