{"id":42180,"date":"2025-11-10T15:46:22","date_gmt":"2025-11-10T14:46:22","guid":{"rendered":"https:\/\/www.ernstbrunn-apotheke.at\/katalog\/produkt\/hansaplast-aqua-protect-hand-set-16-stk\/"},"modified":"2025-12-08T16:08:05","modified_gmt":"2025-12-08T15:08:05","slug":"hansaplast-aqua-protect-hand-set-16-stk","status":"publish","type":"product","link":"https:\/\/www.ernstbrunn-apotheke.at\/katalog\/produkt\/hansaplast-aqua-protect-hand-set-16-stk\/","title":{"rendered":"Hansaplast Aqua Protect Hand Set 16 Stk."},"content":{"rendered":"<p>Hansaplast Aqua Protect Hand Set enth\u00e4lt eine Vielzahl von wasserdichten Pflaster speziell f\u00fcr kleinere Wunden an den H\u00e4nden. Das flexible, wasserdichte Material bietet idealen Schutz beim Waschen, Duschen und Baden. Die nicht verklebende Wundauflage sch\u00fctzt und polstert die Wunde. Die zuverl\u00e4ssige Klebkraft sorgt daf\u00fcr, dass das Pflaster nicht verrutscht.<\/p>\n","protected":false},"excerpt":{"rendered":"<p>Hansaplast Aqua Protect Hand Set enth\u00e4lt eine Vielzahl von wasserdichten Pflaster speziell f\u00fcr kleinere Wunden an den H\u00e4nden. Das flexible, wasserdichte Material bietet idealen Schutz beim Waschen, Duschen und Baden. Die nicht verklebende Wundauflage sch\u00fctzt und polstert die Wunde. Die zuverl\u00e4ssige Klebkraft sorgt daf\u00fcr, dass das Pflaster nicht verrutscht.<\/p>\n","protected":false},"featured_media":42182,"template":"","meta":{"_acf_changed":false},"product_brand":[328],"product_cat":[805],"product_tag":[],"class_list":{"0":"post-42180","1":"product","2":"type-product","3":"status-publish","4":"has-post-thumbnail","6":"product_brand-hansaplast","7":"product_cat-h","8":"pa_packungsgroesse-500","10":"first","11":"instock","12":"shipping-taxable","13":"purchasable","14":"product-type-simple"},"acf":[],"_links":{"self":[{"href":"https:\/\/www.ernstbrunn-apotheke.at\/katalog\/wp-json\/wp\/v2\/product\/42180","targetHints":{"allow":["GET"]}}],"collection":[{"href":"https:\/\/www.ernstbrunn-apotheke.at\/katalog\/wp-json\/wp\/v2\/product"}],"about":[{"href":"https:\/\/www.ernstbrunn-apotheke.at\/katalog\/wp-json\/wp\/v2\/types\/product"}],"wp:featuredmedia":[{"embeddable":true,"href":"https:\/\/www.ernstbrunn-apotheke.at\/katalog\/wp-json\/wp\/v2\/media\/42182"}],"wp:attachment":[{"href":"https:\/\/www.ernstbrunn-apotheke.at\/katalog\/wp-json\/wp\/v2\/media?parent=42180"}],"wp:term":[{"taxonomy":"product_brand","embeddable":true,"href":"https:\/\/www.ernstbrunn-apotheke.at\/katalog\/wp-json\/wp\/v2\/product_brand?post=42180"},{"taxonomy":"product_cat","embeddable":true,"href":"https:\/\/www.ernstbrunn-apotheke.at\/katalog\/wp-json\/wp\/v2\/product_cat?post=42180"},{"taxonomy":"product_tag","embeddable":true,"href":"https:\/\/www.ernstbrunn-apotheke.at\/katalog\/wp-json\/wp\/v2\/product_tag?post=42180"}],"curies":[{"name":"wp","href":"https:\/\/api.w.org\/{rel}","templated":true}]}}