{"id":42159,"date":"2025-11-10T15:45:47","date_gmt":"2025-11-10T14:45:47","guid":{"rendered":"https:\/\/www.ernstbrunn-apotheke.at\/katalog\/produkt\/prontosan-wundspuelloesung-350-ml\/"},"modified":"2025-12-08T16:08:00","modified_gmt":"2025-12-08T15:08:00","slug":"prontosan-wundspuelloesung-350-ml","status":"publish","type":"product","link":"https:\/\/www.ernstbrunn-apotheke.at\/katalog\/produkt\/prontosan-wundspuelloesung-350-ml\/","title":{"rendered":"Prontosan Wundsp\u00fcll\u00f6sung 350 ml"},"content":{"rendered":"<p>Prontosan ist eine sterile, gebrauchsfertige L\u00f6sung. Mit dieser L\u00f6sung kann Wundbelag schnell, dermatologisch unbedenklich und effektiv beseitigt werden. Au\u00dferdem entfernt Prontosan gewebeschonend Reste von alten Wundauflagen und absorbiert Wundgeruch..<\/p>\n","protected":false},"excerpt":{"rendered":"<p>Prontosan ist eine sterile, gebrauchsfertige L\u00f6sung. Mit dieser L\u00f6sung kann Wundbelag schnell, dermatologisch unbedenklich und effektiv beseitigt werden. Au\u00dferdem entfernt Prontosan gewebeschonend Reste von alten Wundauflagen und absorbiert Wundgeruch..<\/p>\n","protected":false},"featured_media":42161,"template":"","meta":{"_acf_changed":false},"product_brand":[],"product_cat":[793],"product_tag":[],"class_list":{"0":"post-42159","1":"product","2":"type-product","3":"status-publish","4":"has-post-thumbnail","6":"product_cat-p","7":"pa_packungsgroesse-350ml","9":"first","10":"instock","11":"shipping-taxable","12":"purchasable","13":"product-type-simple"},"acf":[],"_links":{"self":[{"href":"https:\/\/www.ernstbrunn-apotheke.at\/katalog\/wp-json\/wp\/v2\/product\/42159","targetHints":{"allow":["GET"]}}],"collection":[{"href":"https:\/\/www.ernstbrunn-apotheke.at\/katalog\/wp-json\/wp\/v2\/product"}],"about":[{"href":"https:\/\/www.ernstbrunn-apotheke.at\/katalog\/wp-json\/wp\/v2\/types\/product"}],"wp:featuredmedia":[{"embeddable":true,"href":"https:\/\/www.ernstbrunn-apotheke.at\/katalog\/wp-json\/wp\/v2\/media\/42161"}],"wp:attachment":[{"href":"https:\/\/www.ernstbrunn-apotheke.at\/katalog\/wp-json\/wp\/v2\/media?parent=42159"}],"wp:term":[{"taxonomy":"product_brand","embeddable":true,"href":"https:\/\/www.ernstbrunn-apotheke.at\/katalog\/wp-json\/wp\/v2\/product_brand?post=42159"},{"taxonomy":"product_cat","embeddable":true,"href":"https:\/\/www.ernstbrunn-apotheke.at\/katalog\/wp-json\/wp\/v2\/product_cat?post=42159"},{"taxonomy":"product_tag","embeddable":true,"href":"https:\/\/www.ernstbrunn-apotheke.at\/katalog\/wp-json\/wp\/v2\/product_tag?post=42159"}],"curies":[{"name":"wp","href":"https:\/\/api.w.org\/{rel}","templated":true}]}}