{"id":41773,"date":"2025-11-10T15:39:24","date_gmt":"2025-11-10T14:39:24","guid":{"rendered":"https:\/\/www.ernstbrunn-apotheke.at\/katalog\/produkt\/roche-accutrend-cholesterol-teststreifen-5-stk\/"},"modified":"2025-12-08T16:05:36","modified_gmt":"2025-12-08T15:05:36","slug":"roche-accutrend-cholesterol-teststreifen-5-stk","status":"publish","type":"product","link":"https:\/\/www.ernstbrunn-apotheke.at\/katalog\/produkt\/roche-accutrend-cholesterol-teststreifen-5-stk\/","title":{"rendered":"Roche Accutrend Cholesterol Teststreifen 5 Stk."},"content":{"rendered":"<p>Roche Accutrend Plus System: Hohe Genaugigkeit und Pr\u00e4zision, Automatische Leistungs- und Messger\u00e4tekontrollen, Barcodes f\u00fcr chargenspezifische Kalibrierungsdaten, Komfortable Bestimmung der Parameter, Aufbewahrung der Teststreifen bei Zimmertemperatur und Benutzerfreundliche Speicherfunktion.<\/p>\n","protected":false},"excerpt":{"rendered":"<p>Roche Accutrend Plus System: Hohe Genaugigkeit und Pr\u00e4zision, Automatische Leistungs- und Messger\u00e4tekontrollen, Barcodes f\u00fcr chargenspezifische Kalibrierungsdaten, Komfortable Bestimmung der Parameter, Aufbewahrung der Teststreifen bei Zimmertemperatur und Benutzerfreundliche Speicherfunktion.<\/p>\n","protected":false},"featured_media":41775,"template":"","meta":{"_acf_changed":false},"product_brand":[],"product_cat":[808],"product_tag":[],"class_list":{"0":"post-41773","1":"product","2":"type-product","3":"status-publish","4":"has-post-thumbnail","6":"product_cat-r","7":"pa_packungsgroesse-5-stueck","9":"first","10":"instock","11":"shipping-taxable","12":"purchasable","13":"product-type-simple"},"acf":[],"_links":{"self":[{"href":"https:\/\/www.ernstbrunn-apotheke.at\/katalog\/wp-json\/wp\/v2\/product\/41773","targetHints":{"allow":["GET"]}}],"collection":[{"href":"https:\/\/www.ernstbrunn-apotheke.at\/katalog\/wp-json\/wp\/v2\/product"}],"about":[{"href":"https:\/\/www.ernstbrunn-apotheke.at\/katalog\/wp-json\/wp\/v2\/types\/product"}],"wp:featuredmedia":[{"embeddable":true,"href":"https:\/\/www.ernstbrunn-apotheke.at\/katalog\/wp-json\/wp\/v2\/media\/41775"}],"wp:attachment":[{"href":"https:\/\/www.ernstbrunn-apotheke.at\/katalog\/wp-json\/wp\/v2\/media?parent=41773"}],"wp:term":[{"taxonomy":"product_brand","embeddable":true,"href":"https:\/\/www.ernstbrunn-apotheke.at\/katalog\/wp-json\/wp\/v2\/product_brand?post=41773"},{"taxonomy":"product_cat","embeddable":true,"href":"https:\/\/www.ernstbrunn-apotheke.at\/katalog\/wp-json\/wp\/v2\/product_cat?post=41773"},{"taxonomy":"product_tag","embeddable":true,"href":"https:\/\/www.ernstbrunn-apotheke.at\/katalog\/wp-json\/wp\/v2\/product_tag?post=41773"}],"curies":[{"name":"wp","href":"https:\/\/api.w.org\/{rel}","templated":true}]}}