{"id":41691,"date":"2025-11-10T15:37:37","date_gmt":"2025-11-10T14:37:37","guid":{"rendered":"https:\/\/www.ernstbrunn-apotheke.at\/katalog\/produkt\/aponorm-basis-control-blutdruckmessgeraet\/"},"modified":"2025-12-08T16:05:00","modified_gmt":"2025-12-08T15:05:00","slug":"aponorm-basis-control-blutdruckmessgeraet","status":"publish","type":"product","link":"https:\/\/www.ernstbrunn-apotheke.at\/katalog\/produkt\/aponorm-basis-control-blutdruckmessgeraet\/","title":{"rendered":"aponorm\u00ae Basis Control Blutdruckmessger\u00e4t"},"content":{"rendered":"<p class=\"MsoNormal\">bringt zum kleinen Preis alles f\u00fcr eine schnelle, verl\u00e4sslicheBlutdruckmessung mit Speicher zur Dokumentation von bis zu 30 Messungen<\/p>\n<p class=\"MsoNormal\">farbige Blutdruckampel <\/p>\n<p class=\"MsoNormal\">mit Universal-Softb\u00fcgelmanschette f\u00fcr Armumf\u00e4nge von 22-42 cm<\/p>\n<p class=\"MsoNormal\">Arhythmie-Erkennungsfunktion <\/p>\n<p class=\"MsoNormal\">\u00fcberdurchschnittliche 3 Jahres-Garantie<\/p>\n<p class=\"MsoNormal\">messgenau auch bei Risikogruppen wie z. B. Diabetiker,Nierenkranke, Schwangere<\/p>\n<p class=\"MsoNormal\"><span style=\"font-weight: bold;\"><u>Lieferbestandteile: <\/u><\/span><\/p>\n<p class=\"MsoNormal\">Oberarm-Blutdruckmessger\u00e4t<\/p>\n<p class=\"MsoNormal\">Konische Softb\u00fcgelmanschette Gr. M-L (22-42 cm)<\/p>\n<p class=\"MsoNormal\">Stoffbeutel f\u00fcr Transport &amp; Aufbewahrung<\/p>\n<p class=\"MsoNormal\">Gebrauchsanweisung<\/p>\n<p class=\"MsoNormal\">Blutdruckpass<\/p>\n<p>4 Batterien Gr\u00f6\u00dfe AA<\/p>\n","protected":false},"excerpt":{"rendered":"<p>bringt zum kleinen Preis alles f\u00fcr eine schnelle, verl\u00e4sslicheBlutdruckmessung mit Speicher zur Dokumentation von bis zu 30 Messungen farbige Blutdruckampel mit Universal-Softb\u00fcgelmanschette f\u00fcr Armumf\u00e4nge von 22-42 cm Arhythmie-Erkennungsfunktion \u00fcberdurchschnittliche 3 Jahres-Garantie messgenau auch bei Risikogruppen wie z. B. Diabetiker,Nierenkranke, Schwangere Lieferbestandteile: Oberarm-Blutdruckmessger\u00e4t Konische Softb\u00fcgelmanschette Gr. M-L (22-42 cm) Stoffbeutel f\u00fcr Transport &amp; Aufbewahrung Gebrauchsanweisung Blutdruckpass [&hellip;]<\/p>\n","protected":false},"featured_media":41693,"template":"","meta":{"_acf_changed":false},"product_brand":[977],"product_cat":[801],"product_tag":[],"class_list":{"0":"post-41691","1":"product","2":"type-product","3":"status-publish","4":"has-post-thumbnail","6":"product_brand-aponorm","7":"product_cat-a","8":"pa_farbe-silber-weiss","9":"pa_packungsgroesse-1-stueck","11":"first","12":"instock","13":"shipping-taxable","14":"purchasable","15":"product-type-simple"},"acf":[],"_links":{"self":[{"href":"https:\/\/www.ernstbrunn-apotheke.at\/katalog\/wp-json\/wp\/v2\/product\/41691","targetHints":{"allow":["GET"]}}],"collection":[{"href":"https:\/\/www.ernstbrunn-apotheke.at\/katalog\/wp-json\/wp\/v2\/product"}],"about":[{"href":"https:\/\/www.ernstbrunn-apotheke.at\/katalog\/wp-json\/wp\/v2\/types\/product"}],"wp:featuredmedia":[{"embeddable":true,"href":"https:\/\/www.ernstbrunn-apotheke.at\/katalog\/wp-json\/wp\/v2\/media\/41693"}],"wp:attachment":[{"href":"https:\/\/www.ernstbrunn-apotheke.at\/katalog\/wp-json\/wp\/v2\/media?parent=41691"}],"wp:term":[{"taxonomy":"product_brand","embeddable":true,"href":"https:\/\/www.ernstbrunn-apotheke.at\/katalog\/wp-json\/wp\/v2\/product_brand?post=41691"},{"taxonomy":"product_cat","embeddable":true,"href":"https:\/\/www.ernstbrunn-apotheke.at\/katalog\/wp-json\/wp\/v2\/product_cat?post=41691"},{"taxonomy":"product_tag","embeddable":true,"href":"https:\/\/www.ernstbrunn-apotheke.at\/katalog\/wp-json\/wp\/v2\/product_tag?post=41691"}],"curies":[{"name":"wp","href":"https:\/\/api.w.org\/{rel}","templated":true}]}}