{"id":41501,"date":"2025-11-10T15:34:14","date_gmt":"2025-11-10T14:34:14","guid":{"rendered":"https:\/\/www.ernstbrunn-apotheke.at\/katalog\/produkt\/braun-thermoscan-schutzkappen-fuer-ohr-fieberthermometer-40-stk\/"},"modified":"2025-12-08T16:03:37","modified_gmt":"2025-12-08T15:03:37","slug":"braun-thermoscan-schutzkappen-fuer-ohr-fieberthermometer-40-stk","status":"publish","type":"product","link":"https:\/\/www.ernstbrunn-apotheke.at\/katalog\/produkt\/braun-thermoscan-schutzkappen-fuer-ohr-fieberthermometer-40-stk\/","title":{"rendered":"Braun Thermoscan Schutzkappen f\u00fcr Ohr-Fieberthermometer 40 Stk."},"content":{"rendered":"<p>Braun Thermoscan Schutzkappen vermeiden das Risiko der Ansteckung und die \u00dcbertragung von Keimen. Au\u00dferdem optimiert der Schutz des Messsensors die Pr\u00e4zision der Messung.<\/p>\n","protected":false},"excerpt":{"rendered":"<p>Braun Thermoscan Schutzkappen vermeiden das Risiko der Ansteckung und die \u00dcbertragung von Keimen. Au\u00dferdem optimiert der Schutz des Messsensors die Pr\u00e4zision der Messung.<\/p>\n","protected":false},"featured_media":41503,"template":"","meta":{"_acf_changed":false},"product_brand":[],"product_cat":[802],"product_tag":[],"class_list":{"0":"post-41501","1":"product","2":"type-product","3":"status-publish","4":"has-post-thumbnail","6":"product_cat-b","7":"pa_packungsgroesse-500","9":"first","10":"instock","11":"shipping-taxable","12":"purchasable","13":"product-type-simple"},"acf":[],"_links":{"self":[{"href":"https:\/\/www.ernstbrunn-apotheke.at\/katalog\/wp-json\/wp\/v2\/product\/41501","targetHints":{"allow":["GET"]}}],"collection":[{"href":"https:\/\/www.ernstbrunn-apotheke.at\/katalog\/wp-json\/wp\/v2\/product"}],"about":[{"href":"https:\/\/www.ernstbrunn-apotheke.at\/katalog\/wp-json\/wp\/v2\/types\/product"}],"wp:featuredmedia":[{"embeddable":true,"href":"https:\/\/www.ernstbrunn-apotheke.at\/katalog\/wp-json\/wp\/v2\/media\/41503"}],"wp:attachment":[{"href":"https:\/\/www.ernstbrunn-apotheke.at\/katalog\/wp-json\/wp\/v2\/media?parent=41501"}],"wp:term":[{"taxonomy":"product_brand","embeddable":true,"href":"https:\/\/www.ernstbrunn-apotheke.at\/katalog\/wp-json\/wp\/v2\/product_brand?post=41501"},{"taxonomy":"product_cat","embeddable":true,"href":"https:\/\/www.ernstbrunn-apotheke.at\/katalog\/wp-json\/wp\/v2\/product_cat?post=41501"},{"taxonomy":"product_tag","embeddable":true,"href":"https:\/\/www.ernstbrunn-apotheke.at\/katalog\/wp-json\/wp\/v2\/product_tag?post=41501"}],"curies":[{"name":"wp","href":"https:\/\/api.w.org\/{rel}","templated":true}]}}