{"id":41452,"date":"2025-11-10T15:33:28","date_gmt":"2025-11-10T14:33:28","guid":{"rendered":"https:\/\/www.ernstbrunn-apotheke.at\/katalog\/produkt\/tena-inkontinenz-comfort-einlagen-40-stk-extra\/"},"modified":"2025-12-08T16:03:12","modified_gmt":"2025-12-08T15:03:12","slug":"tena-inkontinenz-comfort-einlagen-40-stk-extra","status":"publish","type":"product","link":"https:\/\/www.ernstbrunn-apotheke.at\/katalog\/produkt\/tena-inkontinenz-comfort-einlagen-40-stk-extra\/","title":{"rendered":"Tena Inkontinenz Comfort-Einlagen 40 Stk. Extra"},"content":{"rendered":"<p>Tena Inkontinenz Comfort-Einlagen mit ConfioAir ist komplett atmungsaktiv, dermatologisch getestet und sorgt somit f\u00fcr gesunde Haut Ihrere Angeh\u00f6rigen. Die einzigartige Rundumbarriere des Inkontinenzprodukts bietet Sicherheit und das textil-\u00e4hnliche Material f\u00fcrhlt sich sehr weich an.<\/p>\n","protected":false},"excerpt":{"rendered":"<p>Tena Inkontinenz Comfort-Einlagen mit ConfioAir ist komplett atmungsaktiv, dermatologisch getestet und sorgt somit f\u00fcr gesunde Haut Ihrere Angeh\u00f6rigen. Die einzigartige Rundumbarriere des Inkontinenzprodukts bietet Sicherheit und das textil-\u00e4hnliche Material f\u00fcrhlt sich sehr weich an.<\/p>\n","protected":false},"featured_media":0,"template":"","meta":{"_acf_changed":false},"product_brand":[],"product_cat":[798],"product_tag":[],"class_list":{"0":"post-41452","1":"product","2":"type-product","3":"status-publish","5":"product_cat-t","6":"pa_packungsgroesse-40-stueck","8":"first","9":"instock","10":"shipping-taxable","11":"purchasable","12":"product-type-simple"},"acf":[],"_links":{"self":[{"href":"https:\/\/www.ernstbrunn-apotheke.at\/katalog\/wp-json\/wp\/v2\/product\/41452","targetHints":{"allow":["GET"]}}],"collection":[{"href":"https:\/\/www.ernstbrunn-apotheke.at\/katalog\/wp-json\/wp\/v2\/product"}],"about":[{"href":"https:\/\/www.ernstbrunn-apotheke.at\/katalog\/wp-json\/wp\/v2\/types\/product"}],"wp:attachment":[{"href":"https:\/\/www.ernstbrunn-apotheke.at\/katalog\/wp-json\/wp\/v2\/media?parent=41452"}],"wp:term":[{"taxonomy":"product_brand","embeddable":true,"href":"https:\/\/www.ernstbrunn-apotheke.at\/katalog\/wp-json\/wp\/v2\/product_brand?post=41452"},{"taxonomy":"product_cat","embeddable":true,"href":"https:\/\/www.ernstbrunn-apotheke.at\/katalog\/wp-json\/wp\/v2\/product_cat?post=41452"},{"taxonomy":"product_tag","embeddable":true,"href":"https:\/\/www.ernstbrunn-apotheke.at\/katalog\/wp-json\/wp\/v2\/product_tag?post=41452"}],"curies":[{"name":"wp","href":"https:\/\/api.w.org\/{rel}","templated":true}]}}