{"id":41416,"date":"2025-11-10T15:32:46","date_gmt":"2025-11-10T14:32:46","guid":{"rendered":"https:\/\/www.ernstbrunn-apotheke.at\/katalog\/produkt\/tena-inkontinenz-pants-plus-14-stk-large-2\/"},"modified":"2025-12-08T16:02:51","modified_gmt":"2025-12-08T15:02:51","slug":"tena-inkontinenz-pants-plus-14-stk-large-2","status":"publish","type":"product","link":"https:\/\/www.ernstbrunn-apotheke.at\/katalog\/produkt\/tena-inkontinenz-pants-plus-14-stk-large-2\/","title":{"rendered":"Tena Inkontinenz Pants Plus 14 Stk. Large"},"content":{"rendered":"<p>Tena Inkontinenz Pants Plus bieten zus\u00e4tzlichen Schutz, wenn der Bedarf Ihrer Angeh\u00f6rigen etwas gr\u00f6\u00dfer ist. Dank hoher Atmungsaktivit\u00e4t besonders angenehm f\u00fcr die Haut. Dank ConfioFit sitzen sie noch besser und bieten dadurch noch mehr Diskretion.<\/p>\n","protected":false},"excerpt":{"rendered":"<p>Tena Inkontinenz Pants Plus bieten zus\u00e4tzlichen Schutz, wenn der Bedarf Ihrer Angeh\u00f6rigen etwas gr\u00f6\u00dfer ist. Dank hoher Atmungsaktivit\u00e4t besonders angenehm f\u00fcr die Haut. Dank ConfioFit sitzen sie noch besser und bieten dadurch noch mehr Diskretion.<\/p>\n","protected":false},"featured_media":0,"template":"","meta":{"_acf_changed":false},"product_brand":[],"product_cat":[798],"product_tag":[],"class_list":{"0":"post-41416","1":"product","2":"type-product","3":"status-publish","5":"product_cat-t","6":"pa_packungsgroesse-14-stueck","8":"first","9":"instock","10":"shipping-taxable","11":"purchasable","12":"product-type-simple"},"acf":[],"_links":{"self":[{"href":"https:\/\/www.ernstbrunn-apotheke.at\/katalog\/wp-json\/wp\/v2\/product\/41416","targetHints":{"allow":["GET"]}}],"collection":[{"href":"https:\/\/www.ernstbrunn-apotheke.at\/katalog\/wp-json\/wp\/v2\/product"}],"about":[{"href":"https:\/\/www.ernstbrunn-apotheke.at\/katalog\/wp-json\/wp\/v2\/types\/product"}],"wp:attachment":[{"href":"https:\/\/www.ernstbrunn-apotheke.at\/katalog\/wp-json\/wp\/v2\/media?parent=41416"}],"wp:term":[{"taxonomy":"product_brand","embeddable":true,"href":"https:\/\/www.ernstbrunn-apotheke.at\/katalog\/wp-json\/wp\/v2\/product_brand?post=41416"},{"taxonomy":"product_cat","embeddable":true,"href":"https:\/\/www.ernstbrunn-apotheke.at\/katalog\/wp-json\/wp\/v2\/product_cat?post=41416"},{"taxonomy":"product_tag","embeddable":true,"href":"https:\/\/www.ernstbrunn-apotheke.at\/katalog\/wp-json\/wp\/v2\/product_tag?post=41416"}],"curies":[{"name":"wp","href":"https:\/\/api.w.org\/{rel}","templated":true}]}}