{"id":41281,"date":"2025-11-10T15:29:56","date_gmt":"2025-11-10T14:29:56","guid":{"rendered":"https:\/\/www.ernstbrunn-apotheke.at\/katalog\/produkt\/tena-inkontinenz-lady-normal-24-stk\/"},"modified":"2025-12-08T16:01:54","modified_gmt":"2025-12-08T15:01:54","slug":"tena-inkontinenz-lady-normal-24-stk","status":"publish","type":"product","link":"https:\/\/www.ernstbrunn-apotheke.at\/katalog\/produkt\/tena-inkontinenz-lady-normal-24-stk\/","title":{"rendered":"Tena Inkontinenz Lady Normal 24 Stk."},"content":{"rendered":"<p>Tena Inkontinenz Lady Normal ist eine weiche und k\u00f6rpernah geformte Einlage. So diskret wie Damenhygiene-Produkte, dabei saugf\u00e4higer. F\u00fcr ein trockenes und angenehmes Gef\u00fchl.<\/p>\n","protected":false},"excerpt":{"rendered":"<p>Tena Inkontinenz Lady Normal ist eine weiche und k\u00f6rpernah geformte Einlage. So diskret wie Damenhygiene-Produkte, dabei saugf\u00e4higer. F\u00fcr ein trockenes und angenehmes Gef\u00fchl.<\/p>\n","protected":false},"featured_media":41283,"template":"","meta":{"_acf_changed":false},"product_brand":[],"product_cat":[798],"product_tag":[],"class_list":{"0":"post-41281","1":"product","2":"type-product","3":"status-publish","4":"has-post-thumbnail","6":"product_cat-t","7":"pa_packungsgroesse-24-stueck","9":"first","10":"instock","11":"shipping-taxable","12":"purchasable","13":"product-type-simple"},"acf":[],"_links":{"self":[{"href":"https:\/\/www.ernstbrunn-apotheke.at\/katalog\/wp-json\/wp\/v2\/product\/41281","targetHints":{"allow":["GET"]}}],"collection":[{"href":"https:\/\/www.ernstbrunn-apotheke.at\/katalog\/wp-json\/wp\/v2\/product"}],"about":[{"href":"https:\/\/www.ernstbrunn-apotheke.at\/katalog\/wp-json\/wp\/v2\/types\/product"}],"wp:featuredmedia":[{"embeddable":true,"href":"https:\/\/www.ernstbrunn-apotheke.at\/katalog\/wp-json\/wp\/v2\/media\/41283"}],"wp:attachment":[{"href":"https:\/\/www.ernstbrunn-apotheke.at\/katalog\/wp-json\/wp\/v2\/media?parent=41281"}],"wp:term":[{"taxonomy":"product_brand","embeddable":true,"href":"https:\/\/www.ernstbrunn-apotheke.at\/katalog\/wp-json\/wp\/v2\/product_brand?post=41281"},{"taxonomy":"product_cat","embeddable":true,"href":"https:\/\/www.ernstbrunn-apotheke.at\/katalog\/wp-json\/wp\/v2\/product_cat?post=41281"},{"taxonomy":"product_tag","embeddable":true,"href":"https:\/\/www.ernstbrunn-apotheke.at\/katalog\/wp-json\/wp\/v2\/product_tag?post=41281"}],"curies":[{"name":"wp","href":"https:\/\/api.w.org\/{rel}","templated":true}]}}