{"id":41267,"date":"2025-11-10T15:29:56","date_gmt":"2025-11-10T14:29:56","guid":{"rendered":"https:\/\/www.ernstbrunn-apotheke.at\/katalog\/produkt\/tena-inkontinenz-lady-extra-20-stk\/"},"modified":"2025-12-08T16:01:49","modified_gmt":"2025-12-08T15:01:49","slug":"tena-inkontinenz-lady-extra-20-stk","status":"publish","type":"product","link":"https:\/\/www.ernstbrunn-apotheke.at\/katalog\/produkt\/tena-inkontinenz-lady-extra-20-stk\/","title":{"rendered":"Tena Inkontinenz Lady Extra 20 Stk."},"content":{"rendered":"<p>Tena Inkontinenz Lady Extra sorgt f\u00fcr ein trockeneres Gef\u00fchl an der Haut sowie die Atmungsaktive R\u00fcckseite Ihre Haut atmen l\u00e4sst und somit Hautreaktionen vermieden werden. Breite Klebestreifen sorgen f\u00fcr einen optimaler Sitz und hohen Auslaufschutz. Die Optimierte Passform sorgt f\u00fcr mehr Tragekomfort. Zudem bindet der starke Saugkern die Fl\u00fcssigkeit zuverl\u00e4ssig im Inneren und sorgt somit f\u00fcr Geruchsbinder f\u00fcr absolute Diskretion.<\/p>\n","protected":false},"excerpt":{"rendered":"<p>Tena Inkontinenz Lady Extra sorgt f\u00fcr ein trockeneres Gef\u00fchl an der Haut sowie die Atmungsaktive R\u00fcckseite Ihre Haut atmen l\u00e4sst und somit Hautreaktionen vermieden werden. Breite Klebestreifen sorgen f\u00fcr einen optimaler Sitz und hohen Auslaufschutz. Die Optimierte Passform sorgt f\u00fcr mehr Tragekomfort. Zudem bindet der starke Saugkern die Fl\u00fcssigkeit zuverl\u00e4ssig im Inneren und sorgt somit [&hellip;]<\/p>\n","protected":false},"featured_media":41269,"template":"","meta":{"_acf_changed":false},"product_brand":[],"product_cat":[798],"product_tag":[],"class_list":{"0":"post-41267","1":"product","2":"type-product","3":"status-publish","4":"has-post-thumbnail","6":"product_cat-t","7":"pa_packungsgroesse-20-stueck","9":"first","10":"instock","11":"shipping-taxable","12":"purchasable","13":"product-type-simple"},"acf":[],"_links":{"self":[{"href":"https:\/\/www.ernstbrunn-apotheke.at\/katalog\/wp-json\/wp\/v2\/product\/41267","targetHints":{"allow":["GET"]}}],"collection":[{"href":"https:\/\/www.ernstbrunn-apotheke.at\/katalog\/wp-json\/wp\/v2\/product"}],"about":[{"href":"https:\/\/www.ernstbrunn-apotheke.at\/katalog\/wp-json\/wp\/v2\/types\/product"}],"wp:featuredmedia":[{"embeddable":true,"href":"https:\/\/www.ernstbrunn-apotheke.at\/katalog\/wp-json\/wp\/v2\/media\/41269"}],"wp:attachment":[{"href":"https:\/\/www.ernstbrunn-apotheke.at\/katalog\/wp-json\/wp\/v2\/media?parent=41267"}],"wp:term":[{"taxonomy":"product_brand","embeddable":true,"href":"https:\/\/www.ernstbrunn-apotheke.at\/katalog\/wp-json\/wp\/v2\/product_brand?post=41267"},{"taxonomy":"product_cat","embeddable":true,"href":"https:\/\/www.ernstbrunn-apotheke.at\/katalog\/wp-json\/wp\/v2\/product_cat?post=41267"},{"taxonomy":"product_tag","embeddable":true,"href":"https:\/\/www.ernstbrunn-apotheke.at\/katalog\/wp-json\/wp\/v2\/product_tag?post=41267"}],"curies":[{"name":"wp","href":"https:\/\/api.w.org\/{rel}","templated":true}]}}