{"id":41241,"date":"2025-11-10T15:29:18","date_gmt":"2025-11-10T14:29:18","guid":{"rendered":"https:\/\/www.ernstbrunn-apotheke.at\/katalog\/produkt\/tena-inkontinenz-for-men-24-stk-l1\/"},"modified":"2025-12-08T16:01:43","modified_gmt":"2025-12-08T15:01:43","slug":"tena-inkontinenz-for-men-24-stk-l1","status":"publish","type":"product","link":"https:\/\/www.ernstbrunn-apotheke.at\/katalog\/produkt\/tena-inkontinenz-for-men-24-stk-l1\/","title":{"rendered":"Tena Inkontinenz For Men 24 Stk. L1"},"content":{"rendered":"<p>TENA Men \u2013 speziell f\u00fcr M\u00e4nner entwickelte Einlagen, f\u00fcr leichte bis mittlere Blasenschw\u00e4che. \u00dcberzeugen Sie sich von den speziell an die m\u00e4nnliche Anatomie angepassten TENA Men Produkten. Dank ihrer Passform und des speziellen Geruchsschutzes ist TENA Men ganz besonderes diskret.Perfekter Sitz durch die speziell auf die m\u00e4nnliche Anatomie abgestimmte Schalenform.  L\u00e4nger trocken, l\u00e4nger sicher durch doppeltem Saugkern: Schnellere Aufnahme der Fl\u00fcssigkeit, h\u00f6here Trockenheit durch weniger R\u00fcckn\u00e4ssung.  Das Plus an Diskretion durch den Geruchsbinder Odour Control\u2122, der Ger\u00fcche verhindert, bevor sie entstehen. Hautfreundlich dank der atmungsaktiven R\u00fcckseite. Ideal, auch f\u00fcr unterwegs durch die hygienische Einzelverpackung. Optimaler Sitz, sichere Fixierung durch den extra-breiten Klebestreifen.<\/p>\n","protected":false},"excerpt":{"rendered":"<p>TENA Men \u2013 speziell f\u00fcr M\u00e4nner entwickelte Einlagen, f\u00fcr leichte bis mittlere Blasenschw\u00e4che. \u00dcberzeugen Sie sich von den speziell an die m\u00e4nnliche Anatomie angepassten TENA Men Produkten. Dank ihrer Passform und des speziellen Geruchsschutzes ist TENA Men ganz besonderes diskret.Perfekter Sitz durch die speziell auf die m\u00e4nnliche Anatomie abgestimmte Schalenform. L\u00e4nger trocken, l\u00e4nger sicher durch [&hellip;]<\/p>\n","protected":false},"featured_media":41243,"template":"","meta":{"_acf_changed":false},"product_brand":[],"product_cat":[798],"product_tag":[],"class_list":{"0":"post-41241","1":"product","2":"type-product","3":"status-publish","4":"has-post-thumbnail","6":"product_cat-t","7":"pa_packungsgroesse-24-stueck","9":"first","10":"instock","11":"shipping-taxable","12":"purchasable","13":"product-type-simple"},"acf":[],"_links":{"self":[{"href":"https:\/\/www.ernstbrunn-apotheke.at\/katalog\/wp-json\/wp\/v2\/product\/41241","targetHints":{"allow":["GET"]}}],"collection":[{"href":"https:\/\/www.ernstbrunn-apotheke.at\/katalog\/wp-json\/wp\/v2\/product"}],"about":[{"href":"https:\/\/www.ernstbrunn-apotheke.at\/katalog\/wp-json\/wp\/v2\/types\/product"}],"wp:featuredmedia":[{"embeddable":true,"href":"https:\/\/www.ernstbrunn-apotheke.at\/katalog\/wp-json\/wp\/v2\/media\/41243"}],"wp:attachment":[{"href":"https:\/\/www.ernstbrunn-apotheke.at\/katalog\/wp-json\/wp\/v2\/media?parent=41241"}],"wp:term":[{"taxonomy":"product_brand","embeddable":true,"href":"https:\/\/www.ernstbrunn-apotheke.at\/katalog\/wp-json\/wp\/v2\/product_brand?post=41241"},{"taxonomy":"product_cat","embeddable":true,"href":"https:\/\/www.ernstbrunn-apotheke.at\/katalog\/wp-json\/wp\/v2\/product_cat?post=41241"},{"taxonomy":"product_tag","embeddable":true,"href":"https:\/\/www.ernstbrunn-apotheke.at\/katalog\/wp-json\/wp\/v2\/product_tag?post=41241"}],"curies":[{"name":"wp","href":"https:\/\/api.w.org\/{rel}","templated":true}]}}