{"id":41222,"date":"2025-11-10T15:29:03","date_gmt":"2025-11-10T14:29:03","guid":{"rendered":"https:\/\/www.ernstbrunn-apotheke.at\/katalog\/produkt\/modifast-lunch-riegel-186-g-karamell\/"},"modified":"2025-12-08T16:01:35","modified_gmt":"2025-12-08T15:01:35","slug":"modifast-lunch-riegel-186-g-karamell","status":"publish","type":"product","link":"https:\/\/www.ernstbrunn-apotheke.at\/katalog\/produkt\/modifast-lunch-riegel-186-g-karamell\/","title":{"rendered":"Modifast Lunch Riegel 186 g Karamell"},"content":{"rendered":"<p>Modifast Lunch Riegel Karamell ist die Extraportion Abwechslung zum Lunch &#8211; mit dem modifast-Programm! Leckerer Mahlzeitenersatz f\u00fcr eine gewichtskontrollierende Ern\u00e4hrung. Die enthaltenen B-Vitamine Niacin, Biotin, Pantothens\u00e4ure, Riboflavin, Thiamin, Vitamin B6 und B12 tragen zu einem normalen Energiestoffwechsel bei.<\/p>\n","protected":false},"excerpt":{"rendered":"<p>Modifast Lunch Riegel Karamell ist die Extraportion Abwechslung zum Lunch &#8211; mit dem modifast-Programm! Leckerer Mahlzeitenersatz f\u00fcr eine gewichtskontrollierende Ern\u00e4hrung. Die enthaltenen B-Vitamine Niacin, Biotin, Pantothens\u00e4ure, Riboflavin, Thiamin, Vitamin B6 und B12 tragen zu einem normalen Energiestoffwechsel bei.<\/p>\n","protected":false},"featured_media":41224,"template":"","meta":{"_acf_changed":false},"product_brand":[],"product_cat":[800],"product_tag":[],"class_list":{"0":"post-41222","1":"product","2":"type-product","3":"status-publish","4":"has-post-thumbnail","6":"product_cat-m","7":"pa_geschmack-karamell","8":"pa_packungsgroesse-6-stueck","10":"first","11":"instock","12":"shipping-taxable","13":"purchasable","14":"product-type-simple"},"acf":[],"_links":{"self":[{"href":"https:\/\/www.ernstbrunn-apotheke.at\/katalog\/wp-json\/wp\/v2\/product\/41222","targetHints":{"allow":["GET"]}}],"collection":[{"href":"https:\/\/www.ernstbrunn-apotheke.at\/katalog\/wp-json\/wp\/v2\/product"}],"about":[{"href":"https:\/\/www.ernstbrunn-apotheke.at\/katalog\/wp-json\/wp\/v2\/types\/product"}],"wp:featuredmedia":[{"embeddable":true,"href":"https:\/\/www.ernstbrunn-apotheke.at\/katalog\/wp-json\/wp\/v2\/media\/41224"}],"wp:attachment":[{"href":"https:\/\/www.ernstbrunn-apotheke.at\/katalog\/wp-json\/wp\/v2\/media?parent=41222"}],"wp:term":[{"taxonomy":"product_brand","embeddable":true,"href":"https:\/\/www.ernstbrunn-apotheke.at\/katalog\/wp-json\/wp\/v2\/product_brand?post=41222"},{"taxonomy":"product_cat","embeddable":true,"href":"https:\/\/www.ernstbrunn-apotheke.at\/katalog\/wp-json\/wp\/v2\/product_cat?post=41222"},{"taxonomy":"product_tag","embeddable":true,"href":"https:\/\/www.ernstbrunn-apotheke.at\/katalog\/wp-json\/wp\/v2\/product_tag?post=41222"}],"curies":[{"name":"wp","href":"https:\/\/api.w.org\/{rel}","templated":true}]}}