{"id":41105,"date":"2025-11-10T15:26:55","date_gmt":"2025-11-10T14:26:55","guid":{"rendered":"https:\/\/www.ernstbrunn-apotheke.at\/katalog\/produkt\/fresubin-2-kcal-fibre-drink-4-stk-schokolade\/"},"modified":"2025-12-08T16:00:47","modified_gmt":"2025-12-08T15:00:47","slug":"fresubin-2-kcal-fibre-drink-4-stk-schokolade","status":"publish","type":"product","link":"https:\/\/www.ernstbrunn-apotheke.at\/katalog\/produkt\/fresubin-2-kcal-fibre-drink-4-stk-schokolade\/","title":{"rendered":"Fresubin 2 kcal Fibre DRINK 4 Stk. Schokolade"},"content":{"rendered":"<p>Fresubin 2 kcal Fibre DRINK &#8211; Alle wichtigen N\u00e4hrstoffe mit Ballaststoffen in einer Flasche. Zum Di\u00e4tmanagement bei Patienten mit bestehender oder drohender Mangelern\u00e4hrung, insbesondere bei erh\u00f6htem Energie- und Eiwei\u00dfbedarf oder limitierter Fl\u00fcssigkeitstoleranz. Energiereich, eiwei\u00dfreich, mit Ballaststoffen, laktosearm und glutenfrei.<\/p>\n","protected":false},"excerpt":{"rendered":"<p>Fresubin 2 kcal Fibre DRINK &#8211; Alle wichtigen N\u00e4hrstoffe mit Ballaststoffen in einer Flasche. Zum Di\u00e4tmanagement bei Patienten mit bestehender oder drohender Mangelern\u00e4hrung, insbesondere bei erh\u00f6htem Energie- und Eiwei\u00dfbedarf oder limitierter Fl\u00fcssigkeitstoleranz. Energiereich, eiwei\u00dfreich, mit Ballaststoffen, laktosearm und glutenfrei.<\/p>\n","protected":false},"featured_media":0,"template":"","meta":{"_acf_changed":false},"product_brand":[],"product_cat":[809],"product_tag":[],"class_list":{"0":"post-41105","1":"product","2":"type-product","3":"status-publish","5":"product_cat-f","6":"pa_packungsgroesse-4-stueck","8":"first","9":"instock","10":"shipping-taxable","11":"purchasable","12":"product-type-simple"},"acf":[],"_links":{"self":[{"href":"https:\/\/www.ernstbrunn-apotheke.at\/katalog\/wp-json\/wp\/v2\/product\/41105","targetHints":{"allow":["GET"]}}],"collection":[{"href":"https:\/\/www.ernstbrunn-apotheke.at\/katalog\/wp-json\/wp\/v2\/product"}],"about":[{"href":"https:\/\/www.ernstbrunn-apotheke.at\/katalog\/wp-json\/wp\/v2\/types\/product"}],"wp:attachment":[{"href":"https:\/\/www.ernstbrunn-apotheke.at\/katalog\/wp-json\/wp\/v2\/media?parent=41105"}],"wp:term":[{"taxonomy":"product_brand","embeddable":true,"href":"https:\/\/www.ernstbrunn-apotheke.at\/katalog\/wp-json\/wp\/v2\/product_brand?post=41105"},{"taxonomy":"product_cat","embeddable":true,"href":"https:\/\/www.ernstbrunn-apotheke.at\/katalog\/wp-json\/wp\/v2\/product_cat?post=41105"},{"taxonomy":"product_tag","embeddable":true,"href":"https:\/\/www.ernstbrunn-apotheke.at\/katalog\/wp-json\/wp\/v2\/product_tag?post=41105"}],"curies":[{"name":"wp","href":"https:\/\/api.w.org\/{rel}","templated":true}]}}