{"id":40986,"date":"2025-11-10T15:24:26","date_gmt":"2025-11-10T14:24:26","guid":{"rendered":"https:\/\/www.ernstbrunn-apotheke.at\/katalog\/produkt\/nutrini-drink-smoothie-sommerfruechte-24-stk\/"},"modified":"2025-12-08T16:00:05","modified_gmt":"2025-12-08T15:00:05","slug":"nutrini-drink-smoothie-sommerfruechte-24-stk","status":"publish","type":"product","link":"https:\/\/www.ernstbrunn-apotheke.at\/katalog\/produkt\/nutrini-drink-smoothie-sommerfruechte-24-stk\/","title":{"rendered":"Nutrini Drink Smoothie Sommerfr\u00fcchte 24 Stk."},"content":{"rendered":"<div class=\"text aem-GridColumn aem-GridColumn--default--12\">&#13;<\/p>\n<div id=\"text-14ea69482b\" class=\"cmp-text\" style=\"box-sizing: border-box;\" data-cmp-data-layer=\"{&quot;text-14ea69482b&quot;:{&quot;@type&quot;:&quot;core-framework\/components\/text&quot;,&quot;repo:modifyDate&quot;:&quot;2023-03-16T14:26:36Z&quot;,&quot;xdm:text&quot;:&quot;&lt;p&gt;&lt;b&gt;NutriniDrink Smoothie&lt;\/b&gt;&amp;nbsp;ist unsere beliebte&amp;nbsp;Trinknahrung&amp;nbsp;aus echten Fr\u00fcchten ohne&amp;nbsp;Fruchtst\u00fccke. Der vollbilanzierte Drink versorgt Kinder mit allen lebenswichtigen N\u00e4hrstoffen in bedarfsgerechter Menge und tr\u00e4gt durch seinen nat\u00fcrlich-fruchtigen&amp;nbsp;Geschmack zu einer guten Compliance bei.&amp;nbsp;&amp;nbsp;&lt;b&gt;NutriniDrink Smoothie&lt;\/b&gt;&amp;nbsp;ist&amp;nbsp;hochkalorisch&amp;nbsp;(150 kcal pro 100 ml), besonders geeignet f\u00fcr die notwendige Ern\u00e4hrungstherapie von Kindern mit erh\u00f6htem Energiebedarf und mit krankheitsbedingter Mangelern\u00e4hrung, z. B. bei:&lt;\/p&gt;rn&lt;ul&gt;rn&lt;li&gt;Gedeihst\u00f6rung&lt;\/li&gt;rn&lt;li&gt;Mukoviszidose&lt;\/li&gt;rn&lt;li&gt;konsumierenden Erkrankungen, z. B. Tumorerkrankungen&lt;\/li&gt;rn&lt;li&gt;empfohlener Einschr\u00e4nkung der Fl\u00fcssigkeitszufuhr (z. B. bei Herzerkrankungen)&lt;\/li&gt;rn&lt;\/ul&gt;rn&quot;}}\">&#13;<\/p>\n<p><strong>NutriniDrink Smoothie<\/strong> ist eine beliebte Trinknahrung aus echten Fr\u00fcchten ohne Fruchtst\u00fccke. Der vollbilanzierte Drink versorgt Kinder mit allen lebenswichtigen N\u00e4hrstoffen in bedarfsgerechter Menge und tr\u00e4gt durch seinen nat\u00fcrlich-fruchtigen Geschmack zu einer guten Compliance bei.\u00a0 <strong>NutriniDrink Smoothie<\/strong>\u00a0ist\u00a0hochkalorisch\u00a0(150 kcal pro 100 ml), besonders geeignet f\u00fcr die notwendige Ern\u00e4hrungstherapie von Kindern mit erh\u00f6htem Energiebedarf und mit krankheitsbedingter Mangelern\u00e4hrung, z. B. bei:<\/p>\n<p>&#13;<\/p>\n<ul>&#13;<\/p>\n<li>Gedeihst\u00f6rung<\/li>\n<p>&#13;<\/p>\n<li>Mukoviszidose<\/li>\n<p>&#13;<\/p>\n<li>konsumierenden Erkrankungen, z. B. Tumorerkrankungen<\/li>\n<p>&#13;<\/p>\n<li>empfohlener Einschr\u00e4nkung der Fl\u00fcssigkeitszufuhr (z. B. bei Herzerkrankungen)<\/li>\n<p>&#13;\n<\/ul>\n<p>&#13;\n<\/p><\/div>\n<p>&#13;\n<\/p><\/div>\n<p>&#13;<\/p>\n<div class=\"text aem-GridColumn aem-GridColumn--default--12\">&#13;<\/p>\n<div id=\"text-b345395ca7\" class=\"cmp-text\" style=\"box-sizing: border-box;\" data-cmp-data-layer=\"{&quot;text-b345395ca7&quot;:{&quot;@type&quot;:&quot;core-framework\/components\/text&quot;,&quot;repo:modifyDate&quot;:&quot;2023-03-16T14:25:59Z&quot;,&quot;xdm:text&quot;:&quot;&lt;p&gt;Sie k\u00f6nnen&amp;nbsp;&lt;b&gt;NutriniDrink Smoothie&lt;\/b&gt;&amp;nbsp;zur ausschlie\u00dflichen oder erg\u00e4nzenden Ern\u00e4hrung f\u00fcr Kinder ab 1 Jahr verordnen.&lt;\/p&gt;rn&lt;p&gt;&lt;b&gt;NutriniDrink Smoothie&lt;\/b&gt;&amp;nbsp;enth\u00e4lt leicht verdauliches Milchprotein und unterst\u00fctzt die kindliche Verdauung durch unsere Ballaststoffmischung mf6 mit einem optimalen Verh\u00e4ltnis von l\u00f6slichen und unl\u00f6slichen Ballaststoffen. Alle Sorten sind glutenfrei.&lt;\/p&gt;rn&quot;}}\">&#13;<\/p>\n<p>Sie k\u00f6nnen\u00a0<strong>NutriniDrink Smoothie<\/strong>\u00a0zur ausschlie\u00dflichen oder erg\u00e4nzenden Ern\u00e4hrung f\u00fcr Kinder ab 1 Jahr verordnen.<\/p>\n<p>&#13;<\/p>\n<p><strong>NutriniDrink Smoothie<\/strong> enth\u00e4lt leicht verdauliches Milchprotein und unterst\u00fctzt die kindliche Verdauung durch die Ballaststoffmischung mf6 mit einem optimalen Verh\u00e4ltnis von l\u00f6slichen und unl\u00f6slichen Ballaststoffen. Alle Sorten sind glutenfrei.<\/p>\n<p>&#13;\n<\/p><\/div>\n<p>&#13;\n<\/p><\/div>\n","protected":false},"excerpt":{"rendered":"<p>&#13; &#13; NutriniDrink Smoothie ist eine beliebte Trinknahrung aus echten Fr\u00fcchten ohne Fruchtst\u00fccke. Der vollbilanzierte Drink versorgt Kinder mit allen lebenswichtigen N\u00e4hrstoffen in bedarfsgerechter Menge und tr\u00e4gt durch seinen nat\u00fcrlich-fruchtigen Geschmack zu einer guten Compliance bei.\u00a0 NutriniDrink Smoothie\u00a0ist\u00a0hochkalorisch\u00a0(150 kcal pro 100 ml), besonders geeignet f\u00fcr die notwendige Ern\u00e4hrungstherapie von Kindern mit erh\u00f6htem Energiebedarf und mit [&hellip;]<\/p>\n","protected":false},"featured_media":40988,"template":"","meta":{"_acf_changed":false},"product_brand":[],"product_cat":[797],"product_tag":[],"class_list":{"0":"post-40986","1":"product","2":"type-product","3":"status-publish","4":"has-post-thumbnail","6":"product_cat-n","7":"pa_packungsgroesse-24-stueck","9":"first","10":"instock","11":"shipping-taxable","12":"purchasable","13":"product-type-simple"},"acf":[],"_links":{"self":[{"href":"https:\/\/www.ernstbrunn-apotheke.at\/katalog\/wp-json\/wp\/v2\/product\/40986","targetHints":{"allow":["GET"]}}],"collection":[{"href":"https:\/\/www.ernstbrunn-apotheke.at\/katalog\/wp-json\/wp\/v2\/product"}],"about":[{"href":"https:\/\/www.ernstbrunn-apotheke.at\/katalog\/wp-json\/wp\/v2\/types\/product"}],"wp:featuredmedia":[{"embeddable":true,"href":"https:\/\/www.ernstbrunn-apotheke.at\/katalog\/wp-json\/wp\/v2\/media\/40988"}],"wp:attachment":[{"href":"https:\/\/www.ernstbrunn-apotheke.at\/katalog\/wp-json\/wp\/v2\/media?parent=40986"}],"wp:term":[{"taxonomy":"product_brand","embeddable":true,"href":"https:\/\/www.ernstbrunn-apotheke.at\/katalog\/wp-json\/wp\/v2\/product_brand?post=40986"},{"taxonomy":"product_cat","embeddable":true,"href":"https:\/\/www.ernstbrunn-apotheke.at\/katalog\/wp-json\/wp\/v2\/product_cat?post=40986"},{"taxonomy":"product_tag","embeddable":true,"href":"https:\/\/www.ernstbrunn-apotheke.at\/katalog\/wp-json\/wp\/v2\/product_tag?post=40986"}],"curies":[{"name":"wp","href":"https:\/\/api.w.org\/{rel}","templated":true}]}}