{"id":40915,"date":"2025-11-10T15:22:37","date_gmt":"2025-11-10T14:22:37","guid":{"rendered":"https:\/\/www.ernstbrunn-apotheke.at\/katalog\/produkt\/nutrini-creamy-fruit-4-stk-sommer\/"},"modified":"2025-12-08T15:59:46","modified_gmt":"2025-12-08T14:59:46","slug":"nutrini-creamy-fruit-4-stk-sommer","status":"publish","type":"product","link":"https:\/\/www.ernstbrunn-apotheke.at\/katalog\/produkt\/nutrini-creamy-fruit-4-stk-sommer\/","title":{"rendered":"Nutrini Creamy Fruit 4 Stk. Sommer"},"content":{"rendered":"<p>NutriniCreamy Fruit &#8211; die energiereiche \u201eTrinknahrung\u201c zum L\u00f6ffeln. Die leckere Fruchtcreme ist angedickt (konsistenzadaptiert) und erm\u00f6glicht besonders Kindern mit Schluckproblemen ein leichteres Schlucken. NutriniCreamy Fruit kann zur alleinigen oder erg\u00e4nzenden Ern\u00e4hrung von Kindern nach dem ersten Lebensjahr verwendet werden.Die einzelnen Becher sind gebrauchsfertig. NutriniCreamy Fruit kann einfach aus dem Becher gel\u00f6ffelt werden. Gek\u00fchlt schmeckt unsere Fruchtcreme besonders gut! Die Dosierung richtet sich nach dem Alter und Gewicht des Kindes..<\/p>\n","protected":false},"excerpt":{"rendered":"<p>NutriniCreamy Fruit &#8211; die energiereiche \u201eTrinknahrung\u201c zum L\u00f6ffeln. Die leckere Fruchtcreme ist angedickt (konsistenzadaptiert) und erm\u00f6glicht besonders Kindern mit Schluckproblemen ein leichteres Schlucken. NutriniCreamy Fruit kann zur alleinigen oder erg\u00e4nzenden Ern\u00e4hrung von Kindern nach dem ersten Lebensjahr verwendet werden.Die einzelnen Becher sind gebrauchsfertig. NutriniCreamy Fruit kann einfach aus dem Becher gel\u00f6ffelt werden. Gek\u00fchlt schmeckt unsere [&hellip;]<\/p>\n","protected":false},"featured_media":40917,"template":"","meta":{"_acf_changed":false},"product_brand":[],"product_cat":[797],"product_tag":[],"class_list":{"0":"post-40915","1":"product","2":"type-product","3":"status-publish","4":"has-post-thumbnail","6":"product_cat-n","7":"pa_packungsgroesse-4-stueck","9":"first","10":"instock","11":"shipping-taxable","12":"purchasable","13":"product-type-simple"},"acf":[],"_links":{"self":[{"href":"https:\/\/www.ernstbrunn-apotheke.at\/katalog\/wp-json\/wp\/v2\/product\/40915","targetHints":{"allow":["GET"]}}],"collection":[{"href":"https:\/\/www.ernstbrunn-apotheke.at\/katalog\/wp-json\/wp\/v2\/product"}],"about":[{"href":"https:\/\/www.ernstbrunn-apotheke.at\/katalog\/wp-json\/wp\/v2\/types\/product"}],"wp:featuredmedia":[{"embeddable":true,"href":"https:\/\/www.ernstbrunn-apotheke.at\/katalog\/wp-json\/wp\/v2\/media\/40917"}],"wp:attachment":[{"href":"https:\/\/www.ernstbrunn-apotheke.at\/katalog\/wp-json\/wp\/v2\/media?parent=40915"}],"wp:term":[{"taxonomy":"product_brand","embeddable":true,"href":"https:\/\/www.ernstbrunn-apotheke.at\/katalog\/wp-json\/wp\/v2\/product_brand?post=40915"},{"taxonomy":"product_cat","embeddable":true,"href":"https:\/\/www.ernstbrunn-apotheke.at\/katalog\/wp-json\/wp\/v2\/product_cat?post=40915"},{"taxonomy":"product_tag","embeddable":true,"href":"https:\/\/www.ernstbrunn-apotheke.at\/katalog\/wp-json\/wp\/v2\/product_tag?post=40915"}],"curies":[{"name":"wp","href":"https:\/\/api.w.org\/{rel}","templated":true}]}}