{"id":40883,"date":"2025-11-10T15:22:37","date_gmt":"2025-11-10T14:22:37","guid":{"rendered":"https:\/\/www.ernstbrunn-apotheke.at\/katalog\/produkt\/allin-pure-protein-pulver-geschmacksneutral\/"},"modified":"2025-12-08T15:59:41","modified_gmt":"2025-12-08T14:59:41","slug":"allin-pure-protein-pulver-geschmacksneutral","status":"publish","type":"product","link":"https:\/\/www.ernstbrunn-apotheke.at\/katalog\/produkt\/allin-pure-protein-pulver-geschmacksneutral\/","title":{"rendered":"allin\u00ae pure PROTEIN Pulver geschmacksneutral"},"content":{"rendered":"<p class=\"MsoNormal\">Protein(Eiwei\u00df)-Pulver, geschmacksneutral<\/p>\n<p>Zur Deckung eines zus\u00e4tzlichen Eiwei\u00dfbedarfs inder t\u00e4glichen Ern\u00e4hrung, im Sport und im Alter sowie zur Verbesserung desErn\u00e4hrungszustandes.<\/p>\n","protected":false},"excerpt":{"rendered":"<p>Protein(Eiwei\u00df)-Pulver, geschmacksneutral Zur Deckung eines zus\u00e4tzlichen Eiwei\u00dfbedarfs inder t\u00e4glichen Ern\u00e4hrung, im Sport und im Alter sowie zur Verbesserung desErn\u00e4hrungszustandes.<\/p>\n","protected":false},"featured_media":40885,"template":"","meta":{"_acf_changed":false},"product_brand":[],"product_cat":[801],"product_tag":[],"class_list":{"0":"post-40883","1":"product","2":"type-product","3":"status-publish","4":"has-post-thumbnail","6":"product_cat-a","7":"pa_farbe-weiss","8":"pa_geschmack-neutral","9":"pa_packungsgroesse-1-stueck","11":"first","12":"instock","13":"shipping-taxable","14":"purchasable","15":"product-type-simple"},"acf":[],"_links":{"self":[{"href":"https:\/\/www.ernstbrunn-apotheke.at\/katalog\/wp-json\/wp\/v2\/product\/40883","targetHints":{"allow":["GET"]}}],"collection":[{"href":"https:\/\/www.ernstbrunn-apotheke.at\/katalog\/wp-json\/wp\/v2\/product"}],"about":[{"href":"https:\/\/www.ernstbrunn-apotheke.at\/katalog\/wp-json\/wp\/v2\/types\/product"}],"wp:featuredmedia":[{"embeddable":true,"href":"https:\/\/www.ernstbrunn-apotheke.at\/katalog\/wp-json\/wp\/v2\/media\/40885"}],"wp:attachment":[{"href":"https:\/\/www.ernstbrunn-apotheke.at\/katalog\/wp-json\/wp\/v2\/media?parent=40883"}],"wp:term":[{"taxonomy":"product_brand","embeddable":true,"href":"https:\/\/www.ernstbrunn-apotheke.at\/katalog\/wp-json\/wp\/v2\/product_brand?post=40883"},{"taxonomy":"product_cat","embeddable":true,"href":"https:\/\/www.ernstbrunn-apotheke.at\/katalog\/wp-json\/wp\/v2\/product_cat?post=40883"},{"taxonomy":"product_tag","embeddable":true,"href":"https:\/\/www.ernstbrunn-apotheke.at\/katalog\/wp-json\/wp\/v2\/product_tag?post=40883"}],"curies":[{"name":"wp","href":"https:\/\/api.w.org\/{rel}","templated":true}]}}