{"id":40778,"date":"2025-11-10T15:20:26","date_gmt":"2025-11-10T14:20:26","guid":{"rendered":"https:\/\/www.ernstbrunn-apotheke.at\/katalog\/produkt\/nutricia-cubitan-200-ml-4-stk-erdbeergeschmack\/"},"modified":"2025-12-08T15:59:21","modified_gmt":"2025-12-08T14:59:21","slug":"nutricia-cubitan-200-ml-4-stk-erdbeergeschmack","status":"publish","type":"product","link":"https:\/\/www.ernstbrunn-apotheke.at\/katalog\/produkt\/nutricia-cubitan-200-ml-4-stk-erdbeergeschmack\/","title":{"rendered":"Nutricia Cubitan 200 ml 4 Stk. Erdbeergeschmack"},"content":{"rendered":"<p>Nutricia ist eine spezialisierte Healthcare-Sparte des Nahrungsmittelkonzerns Danone, die sich ausschlie\u00dflich darauf konzentriert, forschungsbasierte Produkte mit wissenschaftlich nachweisbarem Nutzen f\u00fcr die Bed\u00fcrfnisse von Patienten sowie von Personen zu entwickeln, die sich mit \u00fcblichen Lebensmitteln nicht bzw. nicht ausreichend ern\u00e4hren k\u00f6nnen.<\/p>\n","protected":false},"excerpt":{"rendered":"<p>Nutricia ist eine spezialisierte Healthcare-Sparte des Nahrungsmittelkonzerns Danone, die sich ausschlie\u00dflich darauf konzentriert, forschungsbasierte Produkte mit wissenschaftlich nachweisbarem Nutzen f\u00fcr die Bed\u00fcrfnisse von Patienten sowie von Personen zu entwickeln, die sich mit \u00fcblichen Lebensmitteln nicht bzw. nicht ausreichend ern\u00e4hren k\u00f6nnen.<\/p>\n","protected":false},"featured_media":40780,"template":"","meta":{"_acf_changed":false},"product_brand":[],"product_cat":[797],"product_tag":[],"class_list":{"0":"post-40778","1":"product","2":"type-product","3":"status-publish","4":"has-post-thumbnail","6":"product_cat-n","7":"pa_geschmack-erdbeere","8":"pa_geschmack-schokolade","9":"pa_packungsgroesse-24-stueck","10":"pa_packungsgroesse-4-stueck","12":"first","13":"instock","14":"shipping-taxable","15":"purchasable","16":"product-type-simple"},"acf":[],"_links":{"self":[{"href":"https:\/\/www.ernstbrunn-apotheke.at\/katalog\/wp-json\/wp\/v2\/product\/40778","targetHints":{"allow":["GET"]}}],"collection":[{"href":"https:\/\/www.ernstbrunn-apotheke.at\/katalog\/wp-json\/wp\/v2\/product"}],"about":[{"href":"https:\/\/www.ernstbrunn-apotheke.at\/katalog\/wp-json\/wp\/v2\/types\/product"}],"wp:featuredmedia":[{"embeddable":true,"href":"https:\/\/www.ernstbrunn-apotheke.at\/katalog\/wp-json\/wp\/v2\/media\/40780"}],"wp:attachment":[{"href":"https:\/\/www.ernstbrunn-apotheke.at\/katalog\/wp-json\/wp\/v2\/media?parent=40778"}],"wp:term":[{"taxonomy":"product_brand","embeddable":true,"href":"https:\/\/www.ernstbrunn-apotheke.at\/katalog\/wp-json\/wp\/v2\/product_brand?post=40778"},{"taxonomy":"product_cat","embeddable":true,"href":"https:\/\/www.ernstbrunn-apotheke.at\/katalog\/wp-json\/wp\/v2\/product_cat?post=40778"},{"taxonomy":"product_tag","embeddable":true,"href":"https:\/\/www.ernstbrunn-apotheke.at\/katalog\/wp-json\/wp\/v2\/product_tag?post=40778"}],"curies":[{"name":"wp","href":"https:\/\/api.w.org\/{rel}","templated":true}]}}