{"id":40768,"date":"2025-11-10T15:19:47","date_gmt":"2025-11-10T14:19:47","guid":{"rendered":"https:\/\/www.ernstbrunn-apotheke.at\/katalog\/produkt\/nutrini-drink-multi-fibre-200-1-stk-schoko\/"},"modified":"2025-12-08T16:00:14","modified_gmt":"2025-12-08T15:00:14","slug":"nutrini-drink-multi-fibre-200-1-stk-schoko","status":"publish","type":"product","link":"https:\/\/www.ernstbrunn-apotheke.at\/katalog\/produkt\/nutrini-drink-multi-fibre-200-1-stk-schoko\/","title":{"rendered":"Nutrini Drink Multi Fibre 200 1 Stk. Schoko"},"content":{"rendered":"<p>Nutrini Drink Multi Fibre 200 ist eine hochkalorische Trinknahrung speziell f\u00fcr Kinder mit einem funktionsf\u00e4higem Gastrointestinaltrakt. NEUTRAL &#8211; die einzige Trinknahrung mit Milchgeschmack &#8211; f\u00fcr Kinder, die nicht so s\u00fc\u00dfe Speisen bevorzugen.<\/p>\n","protected":false},"excerpt":{"rendered":"<p>Nutrini Drink Multi Fibre 200 ist eine hochkalorische Trinknahrung speziell f\u00fcr Kinder mit einem funktionsf\u00e4higem Gastrointestinaltrakt. NEUTRAL &#8211; die einzige Trinknahrung mit Milchgeschmack &#8211; f\u00fcr Kinder, die nicht so s\u00fc\u00dfe Speisen bevorzugen.<\/p>\n","protected":false},"featured_media":40770,"template":"","meta":{"_acf_changed":false},"product_brand":[],"product_cat":[797],"product_tag":[],"class_list":{"0":"post-40768","1":"product","2":"type-product","3":"status-publish","4":"has-post-thumbnail","6":"product_cat-n","7":"pa_geschmack-erdbeere","8":"pa_geschmack-neutral","9":"pa_geschmack-schoko","10":"pa_geschmack-sortiert","11":"pa_geschmack-vanille","12":"pa_packungsgroesse-1-stueck","13":"pa_packungsgroesse-24-stueck","15":"first","16":"instock","17":"shipping-taxable","18":"purchasable","19":"product-type-variable"},"acf":[],"_links":{"self":[{"href":"https:\/\/www.ernstbrunn-apotheke.at\/katalog\/wp-json\/wp\/v2\/product\/40768","targetHints":{"allow":["GET"]}}],"collection":[{"href":"https:\/\/www.ernstbrunn-apotheke.at\/katalog\/wp-json\/wp\/v2\/product"}],"about":[{"href":"https:\/\/www.ernstbrunn-apotheke.at\/katalog\/wp-json\/wp\/v2\/types\/product"}],"wp:featuredmedia":[{"embeddable":true,"href":"https:\/\/www.ernstbrunn-apotheke.at\/katalog\/wp-json\/wp\/v2\/media\/40770"}],"wp:attachment":[{"href":"https:\/\/www.ernstbrunn-apotheke.at\/katalog\/wp-json\/wp\/v2\/media?parent=40768"}],"wp:term":[{"taxonomy":"product_brand","embeddable":true,"href":"https:\/\/www.ernstbrunn-apotheke.at\/katalog\/wp-json\/wp\/v2\/product_brand?post=40768"},{"taxonomy":"product_cat","embeddable":true,"href":"https:\/\/www.ernstbrunn-apotheke.at\/katalog\/wp-json\/wp\/v2\/product_cat?post=40768"},{"taxonomy":"product_tag","embeddable":true,"href":"https:\/\/www.ernstbrunn-apotheke.at\/katalog\/wp-json\/wp\/v2\/product_tag?post=40768"}],"curies":[{"name":"wp","href":"https:\/\/api.w.org\/{rel}","templated":true}]}}