{"id":40509,"date":"2025-11-10T15:13:50","date_gmt":"2025-11-10T14:13:50","guid":{"rendered":"https:\/\/www.ernstbrunn-apotheke.at\/katalog\/produkt\/fresubin-protein-powder-300-g\/"},"modified":"2025-12-08T15:58:30","modified_gmt":"2025-12-08T14:58:30","slug":"fresubin-protein-powder-300-g","status":"publish","type":"product","link":"https:\/\/www.ernstbrunn-apotheke.at\/katalog\/produkt\/fresubin-protein-powder-300-g\/","title":{"rendered":"Fresubin Protein Powder 300 g"},"content":{"rendered":"<p>Fresubin Protein Powder &#8211; die hochwertige Eiwei\u00dfquelle! Zum Di\u00e4tmanagement bei Patienten mit bestehender oder drohender Mangelern\u00e4hrung, insbesondere bei Patienten mit erh\u00f6htem Eiwei\u00dfbedarf wie in der Onkologie, in der Chirurgie, bei Sarkopenie und bei Gedeihst\u00f6rungen in der P\u00e4diatrie.<\/p>\n","protected":false},"excerpt":{"rendered":"<p>Fresubin Protein Powder &#8211; die hochwertige Eiwei\u00dfquelle! Zum Di\u00e4tmanagement bei Patienten mit bestehender oder drohender Mangelern\u00e4hrung, insbesondere bei Patienten mit erh\u00f6htem Eiwei\u00dfbedarf wie in der Onkologie, in der Chirurgie, bei Sarkopenie und bei Gedeihst\u00f6rungen in der P\u00e4diatrie.<\/p>\n","protected":false},"featured_media":40511,"template":"","meta":{"_acf_changed":false},"product_brand":[],"product_cat":[809],"product_tag":[],"class_list":{"0":"post-40509","1":"product","2":"type-product","3":"status-publish","4":"has-post-thumbnail","6":"product_cat-f","7":"pa_packungsgroesse-300g","9":"first","10":"instock","11":"shipping-taxable","12":"purchasable","13":"product-type-simple"},"acf":[],"_links":{"self":[{"href":"https:\/\/www.ernstbrunn-apotheke.at\/katalog\/wp-json\/wp\/v2\/product\/40509","targetHints":{"allow":["GET"]}}],"collection":[{"href":"https:\/\/www.ernstbrunn-apotheke.at\/katalog\/wp-json\/wp\/v2\/product"}],"about":[{"href":"https:\/\/www.ernstbrunn-apotheke.at\/katalog\/wp-json\/wp\/v2\/types\/product"}],"wp:featuredmedia":[{"embeddable":true,"href":"https:\/\/www.ernstbrunn-apotheke.at\/katalog\/wp-json\/wp\/v2\/media\/40511"}],"wp:attachment":[{"href":"https:\/\/www.ernstbrunn-apotheke.at\/katalog\/wp-json\/wp\/v2\/media?parent=40509"}],"wp:term":[{"taxonomy":"product_brand","embeddable":true,"href":"https:\/\/www.ernstbrunn-apotheke.at\/katalog\/wp-json\/wp\/v2\/product_brand?post=40509"},{"taxonomy":"product_cat","embeddable":true,"href":"https:\/\/www.ernstbrunn-apotheke.at\/katalog\/wp-json\/wp\/v2\/product_cat?post=40509"},{"taxonomy":"product_tag","embeddable":true,"href":"https:\/\/www.ernstbrunn-apotheke.at\/katalog\/wp-json\/wp\/v2\/product_tag?post=40509"}],"curies":[{"name":"wp","href":"https:\/\/api.w.org\/{rel}","templated":true}]}}