{"id":40473,"date":"2025-11-10T15:13:14","date_gmt":"2025-11-10T14:13:14","guid":{"rendered":"https:\/\/www.ernstbrunn-apotheke.at\/katalog\/produkt\/nestle-resource-protein-200-4-stk-erdbeer\/"},"modified":"2025-12-08T15:58:23","modified_gmt":"2025-12-08T14:58:23","slug":"nestle-resource-protein-200-4-stk-erdbeer","status":"publish","type":"product","link":"https:\/\/www.ernstbrunn-apotheke.at\/katalog\/produkt\/nestle-resource-protein-200-4-stk-erdbeer\/","title":{"rendered":"Nestl\u00e9 Resource Protein 200 4 Stk. Erdbeer"},"content":{"rendered":"<p>Nestl\u00e9 Health Science liefert ein umfangreiches Sortiment aus der Resource\u00ae Produktgruppe. Abgestimmt auf die verschiedenen Ern\u00e4hrungsbed\u00fcrfnisse sind sie in verschiedenen Varianten entwickelt worden, um den unterschiedlichen Bed\u00fcrfnissen der Patienten gerecht zu werden.<\/p>\n","protected":false},"excerpt":{"rendered":"<p>Nestl\u00e9 Health Science liefert ein umfangreiches Sortiment aus der Resource\u00ae Produktgruppe. Abgestimmt auf die verschiedenen Ern\u00e4hrungsbed\u00fcrfnisse sind sie in verschiedenen Varianten entwickelt worden, um den unterschiedlichen Bed\u00fcrfnissen der Patienten gerecht zu werden.<\/p>\n","protected":false},"featured_media":40402,"template":"","meta":{"_acf_changed":false},"product_brand":[833],"product_cat":[797],"product_tag":[],"class_list":{"0":"post-40473","1":"product","2":"type-product","3":"status-publish","4":"has-post-thumbnail","6":"product_brand-nestle","7":"product_cat-n","8":"pa_packungsgroesse-4-stueck","10":"first","11":"instock","12":"shipping-taxable","13":"purchasable","14":"product-type-simple"},"acf":[],"_links":{"self":[{"href":"https:\/\/www.ernstbrunn-apotheke.at\/katalog\/wp-json\/wp\/v2\/product\/40473","targetHints":{"allow":["GET"]}}],"collection":[{"href":"https:\/\/www.ernstbrunn-apotheke.at\/katalog\/wp-json\/wp\/v2\/product"}],"about":[{"href":"https:\/\/www.ernstbrunn-apotheke.at\/katalog\/wp-json\/wp\/v2\/types\/product"}],"wp:featuredmedia":[{"embeddable":true,"href":"https:\/\/www.ernstbrunn-apotheke.at\/katalog\/wp-json\/wp\/v2\/media\/40402"}],"wp:attachment":[{"href":"https:\/\/www.ernstbrunn-apotheke.at\/katalog\/wp-json\/wp\/v2\/media?parent=40473"}],"wp:term":[{"taxonomy":"product_brand","embeddable":true,"href":"https:\/\/www.ernstbrunn-apotheke.at\/katalog\/wp-json\/wp\/v2\/product_brand?post=40473"},{"taxonomy":"product_cat","embeddable":true,"href":"https:\/\/www.ernstbrunn-apotheke.at\/katalog\/wp-json\/wp\/v2\/product_cat?post=40473"},{"taxonomy":"product_tag","embeddable":true,"href":"https:\/\/www.ernstbrunn-apotheke.at\/katalog\/wp-json\/wp\/v2\/product_tag?post=40473"}],"curies":[{"name":"wp","href":"https:\/\/api.w.org\/{rel}","templated":true}]}}