{"id":40252,"date":"2025-11-10T15:07:49","date_gmt":"2025-11-10T14:07:49","guid":{"rendered":"https:\/\/www.ernstbrunn-apotheke.at\/katalog\/produkt\/nutricia-fortimel-compact-protein-125-4-stk-cappuccino\/"},"modified":"2025-12-08T15:57:50","modified_gmt":"2025-12-08T14:57:50","slug":"nutricia-fortimel-compact-protein-125-4-stk-cappuccino","status":"publish","type":"product","link":"https:\/\/www.ernstbrunn-apotheke.at\/katalog\/produkt\/nutricia-fortimel-compact-protein-125-4-stk-cappuccino\/","title":{"rendered":"Nutricia Fortimel Compact Protein 125 4 Stk. Cappuccino"},"content":{"rendered":"<p>Fortimel Compact Protein 125 Cappuccino ist eine eiwei\u00dfreiche, hochkalorische Trinknahrung mit Cappuccino Geschmack f\u00fcr besondere medizinische Zwecke (Bilanzierte Di\u00e4t). Es eignet sich f\u00fcr Patienten mit erh\u00f6htem Energie- und Eiwei\u00dfbedarf oder Eiwei\u00dfmangen, z. B. bei krankheitsbedingter Mangelern\u00e4hrung, Fl\u00fcssigkeitsrestriktionen, Tumorerkrankungen oder Gebrechlichkeit.<\/p>\n","protected":false},"excerpt":{"rendered":"<p>Fortimel Compact Protein 125 Cappuccino ist eine eiwei\u00dfreiche, hochkalorische Trinknahrung mit Cappuccino Geschmack f\u00fcr besondere medizinische Zwecke (Bilanzierte Di\u00e4t). Es eignet sich f\u00fcr Patienten mit erh\u00f6htem Energie- und Eiwei\u00dfbedarf oder Eiwei\u00dfmangen, z. B. bei krankheitsbedingter Mangelern\u00e4hrung, Fl\u00fcssigkeitsrestriktionen, Tumorerkrankungen oder Gebrechlichkeit.<\/p>\n","protected":false},"featured_media":40254,"template":"","meta":{"_acf_changed":false},"product_brand":[952],"product_cat":[797],"product_tag":[],"class_list":{"0":"post-40252","1":"product","2":"type-product","3":"status-publish","4":"has-post-thumbnail","6":"product_brand-fortimel","7":"product_cat-n","8":"pa_geschmack-banane","9":"pa_geschmack-cappuccino","10":"pa_geschmack-erdbeer","11":"pa_geschmack-vanille","12":"pa_geschmack-waldfrucht","13":"pa_packungsgroesse-4-stueck","15":"first","16":"instock","17":"shipping-taxable","18":"purchasable","19":"product-type-simple"},"acf":[],"_links":{"self":[{"href":"https:\/\/www.ernstbrunn-apotheke.at\/katalog\/wp-json\/wp\/v2\/product\/40252","targetHints":{"allow":["GET"]}}],"collection":[{"href":"https:\/\/www.ernstbrunn-apotheke.at\/katalog\/wp-json\/wp\/v2\/product"}],"about":[{"href":"https:\/\/www.ernstbrunn-apotheke.at\/katalog\/wp-json\/wp\/v2\/types\/product"}],"wp:featuredmedia":[{"embeddable":true,"href":"https:\/\/www.ernstbrunn-apotheke.at\/katalog\/wp-json\/wp\/v2\/media\/40254"}],"wp:attachment":[{"href":"https:\/\/www.ernstbrunn-apotheke.at\/katalog\/wp-json\/wp\/v2\/media?parent=40252"}],"wp:term":[{"taxonomy":"product_brand","embeddable":true,"href":"https:\/\/www.ernstbrunn-apotheke.at\/katalog\/wp-json\/wp\/v2\/product_brand?post=40252"},{"taxonomy":"product_cat","embeddable":true,"href":"https:\/\/www.ernstbrunn-apotheke.at\/katalog\/wp-json\/wp\/v2\/product_cat?post=40252"},{"taxonomy":"product_tag","embeddable":true,"href":"https:\/\/www.ernstbrunn-apotheke.at\/katalog\/wp-json\/wp\/v2\/product_tag?post=40252"}],"curies":[{"name":"wp","href":"https:\/\/api.w.org\/{rel}","templated":true}]}}