{"id":40027,"date":"2025-11-10T15:02:22","date_gmt":"2025-11-10T14:02:22","guid":{"rendered":"https:\/\/www.ernstbrunn-apotheke.at\/katalog\/produkt\/ohropax-soft-mini-10-stk\/"},"modified":"2025-12-08T15:56:58","modified_gmt":"2025-12-08T14:56:58","slug":"ohropax-soft-mini-10-stk","status":"publish","type":"product","link":"https:\/\/www.ernstbrunn-apotheke.at\/katalog\/produkt\/ohropax-soft-mini-10-stk\/","title":{"rendered":"Ohropax Soft Mini 10 Stk."},"content":{"rendered":"<p>Ohropax Mini Soft vereinen die bew\u00e4hrte Qualit\u00e4t und Schutzwirkung von Ohropax Soft mit einer speziell auf kleinere Geh\u00f6rg\u00e4nge abgestimmten Gr\u00f6\u00dfe. Dank ihrer taillierten Form lassen sich die Ohrst\u00f6psel besonders leicht im Ohr platzieren und bieten so perfekten Sitz bei maximalem Schutz..<\/p>\n","protected":false},"excerpt":{"rendered":"<p>Ohropax Mini Soft vereinen die bew\u00e4hrte Qualit\u00e4t und Schutzwirkung von Ohropax Soft mit einer speziell auf kleinere Geh\u00f6rg\u00e4nge abgestimmten Gr\u00f6\u00dfe. Dank ihrer taillierten Form lassen sich die Ohrst\u00f6psel besonders leicht im Ohr platzieren und bieten so perfekten Sitz bei maximalem Schutz..<\/p>\n","protected":false},"featured_media":40029,"template":"","meta":{"_acf_changed":false},"product_brand":[951],"product_cat":[819],"product_tag":[],"class_list":{"0":"post-40027","1":"product","2":"type-product","3":"status-publish","4":"has-post-thumbnail","6":"product_brand-ohropax","7":"product_cat-o","8":"pa_packungsgroesse-10-stueck","10":"first","11":"instock","12":"shipping-taxable","13":"purchasable","14":"product-type-simple"},"acf":[],"_links":{"self":[{"href":"https:\/\/www.ernstbrunn-apotheke.at\/katalog\/wp-json\/wp\/v2\/product\/40027","targetHints":{"allow":["GET"]}}],"collection":[{"href":"https:\/\/www.ernstbrunn-apotheke.at\/katalog\/wp-json\/wp\/v2\/product"}],"about":[{"href":"https:\/\/www.ernstbrunn-apotheke.at\/katalog\/wp-json\/wp\/v2\/types\/product"}],"wp:featuredmedia":[{"embeddable":true,"href":"https:\/\/www.ernstbrunn-apotheke.at\/katalog\/wp-json\/wp\/v2\/media\/40029"}],"wp:attachment":[{"href":"https:\/\/www.ernstbrunn-apotheke.at\/katalog\/wp-json\/wp\/v2\/media?parent=40027"}],"wp:term":[{"taxonomy":"product_brand","embeddable":true,"href":"https:\/\/www.ernstbrunn-apotheke.at\/katalog\/wp-json\/wp\/v2\/product_brand?post=40027"},{"taxonomy":"product_cat","embeddable":true,"href":"https:\/\/www.ernstbrunn-apotheke.at\/katalog\/wp-json\/wp\/v2\/product_cat?post=40027"},{"taxonomy":"product_tag","embeddable":true,"href":"https:\/\/www.ernstbrunn-apotheke.at\/katalog\/wp-json\/wp\/v2\/product_tag?post=40027"}],"curies":[{"name":"wp","href":"https:\/\/api.w.org\/{rel}","templated":true}]}}