{"id":39918,"date":"2025-11-10T14:14:00","date_gmt":"2025-11-10T13:14:00","guid":{"rendered":"https:\/\/www.ernstbrunn-apotheke.at\/katalog\/produkt\/normison-ohrenspray-10-ml\/"},"modified":"2025-12-08T15:56:31","modified_gmt":"2025-12-08T14:56:31","slug":"normison-ohrenspray-10-ml","status":"publish","type":"product","link":"https:\/\/www.ernstbrunn-apotheke.at\/katalog\/produkt\/normison-ohrenspray-10-ml\/","title":{"rendered":"Normison Ohrenspray 10 ml"},"content":{"rendered":"<p>Normison Ohrenspray wird angewendet zur vorbeugenden und begleitenden Behandlung von Entz\u00fcndungen des \u00e4u\u00dferen Geh\u00f6rganges, insbesondere bei h\u00e4ufigem oder l\u00e4nger andauerndem Aufenthalt im Wasser wie z.B. nach dem Schwimmen, Baden, Tauchen, Wassersport sowie als Begleittherapie im Rahmen einer medikament\u00f6sen Behandlung bei Entz\u00fcndungen des \u00e4u\u00dferen Geh\u00f6rganges.<\/p>\n","protected":false},"excerpt":{"rendered":"<p>Normison Ohrenspray wird angewendet zur vorbeugenden und begleitenden Behandlung von Entz\u00fcndungen des \u00e4u\u00dferen Geh\u00f6rganges, insbesondere bei h\u00e4ufigem oder l\u00e4nger andauerndem Aufenthalt im Wasser wie z.B. nach dem Schwimmen, Baden, Tauchen, Wassersport sowie als Begleittherapie im Rahmen einer medikament\u00f6sen Behandlung bei Entz\u00fcndungen des \u00e4u\u00dferen Geh\u00f6rganges.<\/p>\n","protected":false},"featured_media":39920,"template":"","meta":{"_acf_changed":false},"product_brand":[],"product_cat":[797],"product_tag":[],"class_list":{"0":"post-39918","1":"product","2":"type-product","3":"status-publish","4":"has-post-thumbnail","6":"product_cat-n","7":"pa_packungsgroesse-10ml","9":"first","10":"instock","11":"shipping-taxable","12":"purchasable","13":"product-type-simple"},"acf":[],"_links":{"self":[{"href":"https:\/\/www.ernstbrunn-apotheke.at\/katalog\/wp-json\/wp\/v2\/product\/39918","targetHints":{"allow":["GET"]}}],"collection":[{"href":"https:\/\/www.ernstbrunn-apotheke.at\/katalog\/wp-json\/wp\/v2\/product"}],"about":[{"href":"https:\/\/www.ernstbrunn-apotheke.at\/katalog\/wp-json\/wp\/v2\/types\/product"}],"wp:featuredmedia":[{"embeddable":true,"href":"https:\/\/www.ernstbrunn-apotheke.at\/katalog\/wp-json\/wp\/v2\/media\/39920"}],"wp:attachment":[{"href":"https:\/\/www.ernstbrunn-apotheke.at\/katalog\/wp-json\/wp\/v2\/media?parent=39918"}],"wp:term":[{"taxonomy":"product_brand","embeddable":true,"href":"https:\/\/www.ernstbrunn-apotheke.at\/katalog\/wp-json\/wp\/v2\/product_brand?post=39918"},{"taxonomy":"product_cat","embeddable":true,"href":"https:\/\/www.ernstbrunn-apotheke.at\/katalog\/wp-json\/wp\/v2\/product_cat?post=39918"},{"taxonomy":"product_tag","embeddable":true,"href":"https:\/\/www.ernstbrunn-apotheke.at\/katalog\/wp-json\/wp\/v2\/product_tag?post=39918"}],"curies":[{"name":"wp","href":"https:\/\/api.w.org\/{rel}","templated":true}]}}