{"id":39872,"date":"2025-11-10T14:13:03","date_gmt":"2025-11-10T13:13:03","guid":{"rendered":"https:\/\/www.ernstbrunn-apotheke.at\/katalog\/produkt\/australische-buschbluetenessenz-crowea-15-ml\/"},"modified":"2025-12-08T15:56:22","modified_gmt":"2025-12-08T14:56:22","slug":"australische-buschbluetenessenz-crowea-15-ml","status":"publish","type":"product","link":"https:\/\/www.ernstbrunn-apotheke.at\/katalog\/produkt\/australische-buschbluetenessenz-crowea-15-ml\/","title":{"rendered":"Australische Buschbl\u00fctenessenz Crowea 15 ml"},"content":{"rendered":"<p>Australische Buschbl\u00fctenessenz Crowea ist f\u00fcr Menschen, die sich nicht ganz wohl in ihrer Haut f\u00fchlen und etwas aus dem Gleichgewicht gekommen sind, insbesondere, wenn sie sich Ihrer Gef\u00fchle nicht sicher sind. Crowea ist auch bei Sorgen sowie Kummer sehr geeignet und gerade f\u00fcr diejenigen, die immer besorgt sind, ohne die Angst genau benennen zu k\u00f6nnen.<\/p>\n","protected":false},"excerpt":{"rendered":"<p>Australische Buschbl\u00fctenessenz Crowea ist f\u00fcr Menschen, die sich nicht ganz wohl in ihrer Haut f\u00fchlen und etwas aus dem Gleichgewicht gekommen sind, insbesondere, wenn sie sich Ihrer Gef\u00fchle nicht sicher sind. Crowea ist auch bei Sorgen sowie Kummer sehr geeignet und gerade f\u00fcr diejenigen, die immer besorgt sind, ohne die Angst genau benennen zu k\u00f6nnen.<\/p>\n","protected":false},"featured_media":0,"template":"","meta":{"_acf_changed":false},"product_brand":[930],"product_cat":[801],"product_tag":[],"class_list":{"0":"post-39872","1":"product","2":"type-product","3":"status-publish","5":"product_brand-australische-buschblueten","6":"product_cat-a","7":"pa_packungsgroesse-15ml","9":"first","10":"instock","11":"shipping-taxable","12":"purchasable","13":"product-type-simple"},"acf":[],"_links":{"self":[{"href":"https:\/\/www.ernstbrunn-apotheke.at\/katalog\/wp-json\/wp\/v2\/product\/39872","targetHints":{"allow":["GET"]}}],"collection":[{"href":"https:\/\/www.ernstbrunn-apotheke.at\/katalog\/wp-json\/wp\/v2\/product"}],"about":[{"href":"https:\/\/www.ernstbrunn-apotheke.at\/katalog\/wp-json\/wp\/v2\/types\/product"}],"wp:attachment":[{"href":"https:\/\/www.ernstbrunn-apotheke.at\/katalog\/wp-json\/wp\/v2\/media?parent=39872"}],"wp:term":[{"taxonomy":"product_brand","embeddable":true,"href":"https:\/\/www.ernstbrunn-apotheke.at\/katalog\/wp-json\/wp\/v2\/product_brand?post=39872"},{"taxonomy":"product_cat","embeddable":true,"href":"https:\/\/www.ernstbrunn-apotheke.at\/katalog\/wp-json\/wp\/v2\/product_cat?post=39872"},{"taxonomy":"product_tag","embeddable":true,"href":"https:\/\/www.ernstbrunn-apotheke.at\/katalog\/wp-json\/wp\/v2\/product_tag?post=39872"}],"curies":[{"name":"wp","href":"https:\/\/api.w.org\/{rel}","templated":true}]}}