{"id":39779,"date":"2025-11-10T14:01:41","date_gmt":"2025-11-10T13:01:41","guid":{"rendered":"https:\/\/www.ernstbrunn-apotheke.at\/katalog\/produkt\/apofit-arganoel-100-ml\/"},"modified":"2025-12-08T15:55:57","modified_gmt":"2025-12-08T14:55:57","slug":"apofit-arganoel-100-ml","status":"publish","type":"product","link":"https:\/\/www.ernstbrunn-apotheke.at\/katalog\/produkt\/apofit-arganoel-100-ml\/","title":{"rendered":"Apofit Argan\u00f6l 100 ml"},"content":{"rendered":"<p>Apofit Argan\u00f6l pflegt und sch\u00fctzt die Haut, indem sie reichhaltig Feuchtigkeit spendet und f\u00fcr die Aufrechterhaltung der nat\u00fcrlichen Hautbarriere sorgt. Das kostbare \u00d6l des marokkanischen Arganbaums sch\u00fctzt vor Feuchtigkeitsverlust und verbessert sp\u00fcrbar die Elastizit\u00e4t der Haut. Zus\u00e4tzlich pflegt es trockene und reife Haut und sorgt f\u00fcr ein geschmeidigeres Hautgef\u00fchl.<\/p>\n","protected":false},"excerpt":{"rendered":"<p>Apofit Argan\u00f6l pflegt und sch\u00fctzt die Haut, indem sie reichhaltig Feuchtigkeit spendet und f\u00fcr die Aufrechterhaltung der nat\u00fcrlichen Hautbarriere sorgt. Das kostbare \u00d6l des marokkanischen Arganbaums sch\u00fctzt vor Feuchtigkeitsverlust und verbessert sp\u00fcrbar die Elastizit\u00e4t der Haut. Zus\u00e4tzlich pflegt es trockene und reife Haut und sorgt f\u00fcr ein geschmeidigeres Hautgef\u00fchl.<\/p>\n","protected":false},"featured_media":39781,"template":"","meta":{"_acf_changed":false},"product_brand":[584],"product_cat":[801],"product_tag":[],"class_list":{"0":"post-39779","1":"product","2":"type-product","3":"status-publish","4":"has-post-thumbnail","6":"product_brand-apofit","7":"product_cat-a","8":"pa_packungsgroesse-100ml","10":"first","11":"instock","12":"shipping-taxable","13":"purchasable","14":"product-type-simple"},"acf":[],"_links":{"self":[{"href":"https:\/\/www.ernstbrunn-apotheke.at\/katalog\/wp-json\/wp\/v2\/product\/39779","targetHints":{"allow":["GET"]}}],"collection":[{"href":"https:\/\/www.ernstbrunn-apotheke.at\/katalog\/wp-json\/wp\/v2\/product"}],"about":[{"href":"https:\/\/www.ernstbrunn-apotheke.at\/katalog\/wp-json\/wp\/v2\/types\/product"}],"wp:featuredmedia":[{"embeddable":true,"href":"https:\/\/www.ernstbrunn-apotheke.at\/katalog\/wp-json\/wp\/v2\/media\/39781"}],"wp:attachment":[{"href":"https:\/\/www.ernstbrunn-apotheke.at\/katalog\/wp-json\/wp\/v2\/media?parent=39779"}],"wp:term":[{"taxonomy":"product_brand","embeddable":true,"href":"https:\/\/www.ernstbrunn-apotheke.at\/katalog\/wp-json\/wp\/v2\/product_brand?post=39779"},{"taxonomy":"product_cat","embeddable":true,"href":"https:\/\/www.ernstbrunn-apotheke.at\/katalog\/wp-json\/wp\/v2\/product_cat?post=39779"},{"taxonomy":"product_tag","embeddable":true,"href":"https:\/\/www.ernstbrunn-apotheke.at\/katalog\/wp-json\/wp\/v2\/product_tag?post=39779"}],"curies":[{"name":"wp","href":"https:\/\/api.w.org\/{rel}","templated":true}]}}