{"id":39751,"date":"2025-11-10T14:01:13","date_gmt":"2025-11-10T13:01:13","guid":{"rendered":"https:\/\/www.ernstbrunn-apotheke.at\/katalog\/produkt\/mag-doskar-bachblueten-notfall-globuli-10-g\/"},"modified":"2025-12-08T15:55:51","modified_gmt":"2025-12-08T14:55:51","slug":"mag-doskar-bachblueten-notfall-globuli-10-g","status":"publish","type":"product","link":"https:\/\/www.ernstbrunn-apotheke.at\/katalog\/produkt\/mag-doskar-bachblueten-notfall-globuli-10-g\/","title":{"rendered":"Mag. Doskar Bachbl\u00fcten Notfall Globuli 10 g"},"content":{"rendered":"<p>Neben den 38 Original Bach-Bl\u00fctenessenzen konzipierte Dr. Bach die Original RESCUE-Mischung, eine Kombination aus den f\u00fcnf Original Bach-Bl\u00fctenessenzen Impatiens (Dr\u00fcsentragendes Springkraut), Star of Bethlehem (Doldiger Milchstern), Cherry Plum (Kirschpflaume), Rock Rose (Gelbes Sonnenr\u00f6schen) und Clematis (Wei\u00dfe Waldrebe), in den 30er Jahren des letzten Jahrhunderts.RESCUE wird heute von Verbrauchern in \u00fcber 70 L\u00e4ndern z.B. in emotional aufregenden Situationen wie einer Flugreise, einer Pr\u00fcfung, einem Zahnarzttermin oder gef\u00fchltem Stress im Job verwendet.Neu gibt es die bew\u00e4hrte Bachbl\u00fctenmischung jetzt auch als Rescue Globuli &#8211; in alkoholfreier Form. .<\/p>\n","protected":false},"excerpt":{"rendered":"<p>Neben den 38 Original Bach-Bl\u00fctenessenzen konzipierte Dr. Bach die Original RESCUE-Mischung, eine Kombination aus den f\u00fcnf Original Bach-Bl\u00fctenessenzen Impatiens (Dr\u00fcsentragendes Springkraut), Star of Bethlehem (Doldiger Milchstern), Cherry Plum (Kirschpflaume), Rock Rose (Gelbes Sonnenr\u00f6schen) und Clematis (Wei\u00dfe Waldrebe), in den 30er Jahren des letzten Jahrhunderts.RESCUE wird heute von Verbrauchern in \u00fcber 70 L\u00e4ndern z.B. in emotional [&hellip;]<\/p>\n","protected":false},"featured_media":39753,"template":"","meta":{"_acf_changed":false},"product_brand":[447],"product_cat":[800],"product_tag":[],"class_list":{"0":"post-39751","1":"product","2":"type-product","3":"status-publish","4":"has-post-thumbnail","6":"product_brand-doskar","7":"product_cat-m","8":"pa_packungsgroesse-10g","10":"first","11":"instock","12":"shipping-taxable","13":"purchasable","14":"product-type-simple"},"acf":[],"_links":{"self":[{"href":"https:\/\/www.ernstbrunn-apotheke.at\/katalog\/wp-json\/wp\/v2\/product\/39751","targetHints":{"allow":["GET"]}}],"collection":[{"href":"https:\/\/www.ernstbrunn-apotheke.at\/katalog\/wp-json\/wp\/v2\/product"}],"about":[{"href":"https:\/\/www.ernstbrunn-apotheke.at\/katalog\/wp-json\/wp\/v2\/types\/product"}],"wp:featuredmedia":[{"embeddable":true,"href":"https:\/\/www.ernstbrunn-apotheke.at\/katalog\/wp-json\/wp\/v2\/media\/39753"}],"wp:attachment":[{"href":"https:\/\/www.ernstbrunn-apotheke.at\/katalog\/wp-json\/wp\/v2\/media?parent=39751"}],"wp:term":[{"taxonomy":"product_brand","embeddable":true,"href":"https:\/\/www.ernstbrunn-apotheke.at\/katalog\/wp-json\/wp\/v2\/product_brand?post=39751"},{"taxonomy":"product_cat","embeddable":true,"href":"https:\/\/www.ernstbrunn-apotheke.at\/katalog\/wp-json\/wp\/v2\/product_cat?post=39751"},{"taxonomy":"product_tag","embeddable":true,"href":"https:\/\/www.ernstbrunn-apotheke.at\/katalog\/wp-json\/wp\/v2\/product_tag?post=39751"}],"curies":[{"name":"wp","href":"https:\/\/api.w.org\/{rel}","templated":true}]}}