{"id":39748,"date":"2025-11-10T14:01:13","date_gmt":"2025-11-10T13:01:13","guid":{"rendered":"https:\/\/www.ernstbrunn-apotheke.at\/katalog\/produkt\/doskar-bachblueten-39-original-rescue-remedy-notfall-tropfen\/"},"modified":"2025-12-08T15:55:50","modified_gmt":"2025-12-08T14:55:50","slug":"doskar-bachblueten-39-original-rescue-remedy-notfall-tropfen","status":"publish","type":"product","link":"https:\/\/www.ernstbrunn-apotheke.at\/katalog\/produkt\/doskar-bachblueten-39-original-rescue-remedy-notfall-tropfen\/","title":{"rendered":"Doskar BACHBL\u00dcTEN 39 Original Rescue Remedy Notfall Tropfen"},"content":{"rendered":"<p>Adler Bachbl\u00fcten Rescue Tropfen Nr. 39 vereint eine spezielle Kombination aus Bl\u00fctenessenzen, welche vom Entdecker der Bachbl\u00fctentherapie, Dr. Edward Bach, pers\u00f6nlich entwickelt wurde. Die Tropfen wurden speziell entwickelt, um Ihnen in herausfordernden Situationen zu helfen Ruhe zu bewahren und Ihr positives Wohlbefinden zu st\u00e4rken.<\/p>\n","protected":false},"excerpt":{"rendered":"<p>Adler Bachbl\u00fcten Rescue Tropfen Nr. 39 vereint eine spezielle Kombination aus Bl\u00fctenessenzen, welche vom Entdecker der Bachbl\u00fctentherapie, Dr. Edward Bach, pers\u00f6nlich entwickelt wurde. Die Tropfen wurden speziell entwickelt, um Ihnen in herausfordernden Situationen zu helfen Ruhe zu bewahren und Ihr positives Wohlbefinden zu st\u00e4rken.<\/p>\n","protected":false},"featured_media":39750,"template":"","meta":{"_acf_changed":false},"product_brand":[447],"product_cat":[792],"product_tag":[],"class_list":{"0":"post-39748","1":"product","2":"type-product","3":"status-publish","4":"has-post-thumbnail","6":"product_brand-doskar","7":"product_cat-d","8":"pa_packungsgroesse-10ml","10":"first","11":"instock","12":"shipping-taxable","13":"purchasable","14":"product-type-simple"},"acf":[],"_links":{"self":[{"href":"https:\/\/www.ernstbrunn-apotheke.at\/katalog\/wp-json\/wp\/v2\/product\/39748","targetHints":{"allow":["GET"]}}],"collection":[{"href":"https:\/\/www.ernstbrunn-apotheke.at\/katalog\/wp-json\/wp\/v2\/product"}],"about":[{"href":"https:\/\/www.ernstbrunn-apotheke.at\/katalog\/wp-json\/wp\/v2\/types\/product"}],"wp:featuredmedia":[{"embeddable":true,"href":"https:\/\/www.ernstbrunn-apotheke.at\/katalog\/wp-json\/wp\/v2\/media\/39750"}],"wp:attachment":[{"href":"https:\/\/www.ernstbrunn-apotheke.at\/katalog\/wp-json\/wp\/v2\/media?parent=39748"}],"wp:term":[{"taxonomy":"product_brand","embeddable":true,"href":"https:\/\/www.ernstbrunn-apotheke.at\/katalog\/wp-json\/wp\/v2\/product_brand?post=39748"},{"taxonomy":"product_cat","embeddable":true,"href":"https:\/\/www.ernstbrunn-apotheke.at\/katalog\/wp-json\/wp\/v2\/product_cat?post=39748"},{"taxonomy":"product_tag","embeddable":true,"href":"https:\/\/www.ernstbrunn-apotheke.at\/katalog\/wp-json\/wp\/v2\/product_tag?post=39748"}],"curies":[{"name":"wp","href":"https:\/\/api.w.org\/{rel}","templated":true}]}}