{"id":39742,"date":"2025-11-10T14:01:13","date_gmt":"2025-11-10T13:01:13","guid":{"rendered":"https:\/\/www.ernstbrunn-apotheke.at\/katalog\/produkt\/australische-buschbluetenessenz-slender-rice-15-ml\/"},"modified":"2025-12-08T15:55:47","modified_gmt":"2025-12-08T14:55:47","slug":"australische-buschbluetenessenz-slender-rice-15-ml","status":"publish","type":"product","link":"https:\/\/www.ernstbrunn-apotheke.at\/katalog\/produkt\/australische-buschbluetenessenz-slender-rice-15-ml\/","title":{"rendered":"Australische Buschbl\u00fctenessenz Slender Rice 15 ml"},"content":{"rendered":"<p>Australische Buschbl\u00fctenessenz Slender Rice ist geeignet f\u00fcr engstirnig denkende erniedrigende Menschen. Sie st\u00e4rkt das Zusammengeh\u00f6rigkeitsgef\u00fchl und das Konfliktl\u00f6sungspotential, wenn sich Einzelk\u00e4mpfer quer stellen. Diese Bl\u00fctenessenzen f\u00f6rdern eine umfassendere Zusammenarbeit der Menschen f\u00fcr das Gesamtwohl.<\/p>\n","protected":false},"excerpt":{"rendered":"<p>Australische Buschbl\u00fctenessenz Slender Rice ist geeignet f\u00fcr engstirnig denkende erniedrigende Menschen. Sie st\u00e4rkt das Zusammengeh\u00f6rigkeitsgef\u00fchl und das Konfliktl\u00f6sungspotential, wenn sich Einzelk\u00e4mpfer quer stellen. Diese Bl\u00fctenessenzen f\u00f6rdern eine umfassendere Zusammenarbeit der Menschen f\u00fcr das Gesamtwohl.<\/p>\n","protected":false},"featured_media":0,"template":"","meta":{"_acf_changed":false},"product_brand":[930],"product_cat":[801],"product_tag":[],"class_list":{"0":"post-39742","1":"product","2":"type-product","3":"status-publish","5":"product_brand-australische-buschblueten","6":"product_cat-a","7":"pa_packungsgroesse-15ml","9":"first","10":"instock","11":"shipping-taxable","12":"purchasable","13":"product-type-simple"},"acf":[],"_links":{"self":[{"href":"https:\/\/www.ernstbrunn-apotheke.at\/katalog\/wp-json\/wp\/v2\/product\/39742","targetHints":{"allow":["GET"]}}],"collection":[{"href":"https:\/\/www.ernstbrunn-apotheke.at\/katalog\/wp-json\/wp\/v2\/product"}],"about":[{"href":"https:\/\/www.ernstbrunn-apotheke.at\/katalog\/wp-json\/wp\/v2\/types\/product"}],"wp:attachment":[{"href":"https:\/\/www.ernstbrunn-apotheke.at\/katalog\/wp-json\/wp\/v2\/media?parent=39742"}],"wp:term":[{"taxonomy":"product_brand","embeddable":true,"href":"https:\/\/www.ernstbrunn-apotheke.at\/katalog\/wp-json\/wp\/v2\/product_brand?post=39742"},{"taxonomy":"product_cat","embeddable":true,"href":"https:\/\/www.ernstbrunn-apotheke.at\/katalog\/wp-json\/wp\/v2\/product_cat?post=39742"},{"taxonomy":"product_tag","embeddable":true,"href":"https:\/\/www.ernstbrunn-apotheke.at\/katalog\/wp-json\/wp\/v2\/product_tag?post=39742"}],"curies":[{"name":"wp","href":"https:\/\/api.w.org\/{rel}","templated":true}]}}