{"id":39736,"date":"2025-11-10T14:01:02","date_gmt":"2025-11-10T13:01:02","guid":{"rendered":"https:\/\/www.ernstbrunn-apotheke.at\/katalog\/produkt\/australische-buschblueten-essenzen-15-ml-gymea-lily\/"},"modified":"2025-12-08T15:55:43","modified_gmt":"2025-12-08T14:55:43","slug":"australische-buschblueten-essenzen-15-ml-gymea-lily","status":"publish","type":"product","link":"https:\/\/www.ernstbrunn-apotheke.at\/katalog\/produkt\/australische-buschblueten-essenzen-15-ml-gymea-lily\/","title":{"rendered":"Australische Buschbl\u00fcten Essenzen 15 ml Gymea Lily"},"content":{"rendered":"<p>Australische Buschbl\u00fcten Essenz Gymea Lily kommt bei \u00fcberm\u00e4\u00dfigen Stolz und Arroganz zur Anwendung. \u00dcberfliegern hilft sie sich an der Spitze zu halten. F\u00fcr Dominante und extrovertierte Pers\u00f6nlichkeiten und bei willensstarken Menschen, die gerne im Mittelpunkt stehen, eignet sich diese Essenz hervorragend.<\/p>\n","protected":false},"excerpt":{"rendered":"<p>Australische Buschbl\u00fcten Essenz Gymea Lily kommt bei \u00fcberm\u00e4\u00dfigen Stolz und Arroganz zur Anwendung. \u00dcberfliegern hilft sie sich an der Spitze zu halten. F\u00fcr Dominante und extrovertierte Pers\u00f6nlichkeiten und bei willensstarken Menschen, die gerne im Mittelpunkt stehen, eignet sich diese Essenz hervorragend.<\/p>\n","protected":false},"featured_media":0,"template":"","meta":{"_acf_changed":false},"product_brand":[930],"product_cat":[801],"product_tag":[],"class_list":{"0":"post-39736","1":"product","2":"type-product","3":"status-publish","5":"product_brand-australische-buschblueten","6":"product_cat-a","7":"pa_packungsgroesse-15ml","9":"first","10":"instock","11":"shipping-taxable","12":"purchasable","13":"product-type-simple"},"acf":[],"_links":{"self":[{"href":"https:\/\/www.ernstbrunn-apotheke.at\/katalog\/wp-json\/wp\/v2\/product\/39736","targetHints":{"allow":["GET"]}}],"collection":[{"href":"https:\/\/www.ernstbrunn-apotheke.at\/katalog\/wp-json\/wp\/v2\/product"}],"about":[{"href":"https:\/\/www.ernstbrunn-apotheke.at\/katalog\/wp-json\/wp\/v2\/types\/product"}],"wp:attachment":[{"href":"https:\/\/www.ernstbrunn-apotheke.at\/katalog\/wp-json\/wp\/v2\/media?parent=39736"}],"wp:term":[{"taxonomy":"product_brand","embeddable":true,"href":"https:\/\/www.ernstbrunn-apotheke.at\/katalog\/wp-json\/wp\/v2\/product_brand?post=39736"},{"taxonomy":"product_cat","embeddable":true,"href":"https:\/\/www.ernstbrunn-apotheke.at\/katalog\/wp-json\/wp\/v2\/product_cat?post=39736"},{"taxonomy":"product_tag","embeddable":true,"href":"https:\/\/www.ernstbrunn-apotheke.at\/katalog\/wp-json\/wp\/v2\/product_tag?post=39736"}],"curies":[{"name":"wp","href":"https:\/\/api.w.org\/{rel}","templated":true}]}}