{"id":39712,"date":"2025-11-10T14:00:30","date_gmt":"2025-11-10T13:00:30","guid":{"rendered":"https:\/\/www.ernstbrunn-apotheke.at\/katalog\/produkt\/adler-pharma-schuessler-hausapotheke-1-stk\/"},"modified":"2025-12-08T15:55:31","modified_gmt":"2025-12-08T14:55:31","slug":"adler-pharma-schuessler-hausapotheke-1-stk","status":"publish","type":"product","link":"https:\/\/www.ernstbrunn-apotheke.at\/katalog\/produkt\/adler-pharma-schuessler-hausapotheke-1-stk\/","title":{"rendered":"Adler Pharma Sch\u00fc\u00dfler Hausapotheke 1 Stk."},"content":{"rendered":"<p>Adler Pharma Dr. Sch\u00fc\u00dfler Hausapotheke enth\u00e4lt bew\u00e4hrte Hausmittelchen f\u00fcr verschiedene kleinere Beschwerden, die verl\u00e4sslich helfen. W\u00e4hrend f\u00fcr ernsthafte Krankheiten ein Arzt konsultiert werden muss, kann eine Sch\u00fc\u00dfler Salze Haus- und Reiseapotheke bei allt\u00e4glichen kleinen Wehwehchen und auf Reisen hilfreich sein.<\/p>\n","protected":false},"excerpt":{"rendered":"<p>Adler Pharma Dr. Sch\u00fc\u00dfler Hausapotheke enth\u00e4lt bew\u00e4hrte Hausmittelchen f\u00fcr verschiedene kleinere Beschwerden, die verl\u00e4sslich helfen. W\u00e4hrend f\u00fcr ernsthafte Krankheiten ein Arzt konsultiert werden muss, kann eine Sch\u00fc\u00dfler Salze Haus- und Reiseapotheke bei allt\u00e4glichen kleinen Wehwehchen und auf Reisen hilfreich sein.<\/p>\n","protected":false},"featured_media":39714,"template":"","meta":{"_acf_changed":false},"product_brand":[928],"product_cat":[801],"product_tag":[],"class_list":{"0":"post-39712","1":"product","2":"type-product","3":"status-publish","4":"has-post-thumbnail","6":"product_brand-adler-pharma","7":"product_cat-a","8":"pa_packungsgroesse-1-stueck","10":"first","11":"instock","12":"shipping-taxable","13":"purchasable","14":"product-type-simple"},"acf":[],"_links":{"self":[{"href":"https:\/\/www.ernstbrunn-apotheke.at\/katalog\/wp-json\/wp\/v2\/product\/39712","targetHints":{"allow":["GET"]}}],"collection":[{"href":"https:\/\/www.ernstbrunn-apotheke.at\/katalog\/wp-json\/wp\/v2\/product"}],"about":[{"href":"https:\/\/www.ernstbrunn-apotheke.at\/katalog\/wp-json\/wp\/v2\/types\/product"}],"wp:featuredmedia":[{"embeddable":true,"href":"https:\/\/www.ernstbrunn-apotheke.at\/katalog\/wp-json\/wp\/v2\/media\/39714"}],"wp:attachment":[{"href":"https:\/\/www.ernstbrunn-apotheke.at\/katalog\/wp-json\/wp\/v2\/media?parent=39712"}],"wp:term":[{"taxonomy":"product_brand","embeddable":true,"href":"https:\/\/www.ernstbrunn-apotheke.at\/katalog\/wp-json\/wp\/v2\/product_brand?post=39712"},{"taxonomy":"product_cat","embeddable":true,"href":"https:\/\/www.ernstbrunn-apotheke.at\/katalog\/wp-json\/wp\/v2\/product_cat?post=39712"},{"taxonomy":"product_tag","embeddable":true,"href":"https:\/\/www.ernstbrunn-apotheke.at\/katalog\/wp-json\/wp\/v2\/product_tag?post=39712"}],"curies":[{"name":"wp","href":"https:\/\/api.w.org\/{rel}","templated":true}]}}