{"id":39629,"date":"2025-11-10T13:58:44","date_gmt":"2025-11-10T12:58:44","guid":{"rendered":"https:\/\/www.ernstbrunn-apotheke.at\/katalog\/produkt\/adler-pharma-schuessler-nr-29-cobaltum-d-12-100-g\/"},"modified":"2025-12-08T15:54:54","modified_gmt":"2025-12-08T14:54:54","slug":"adler-pharma-schuessler-nr-29-cobaltum-d-12-100-g","status":"publish","type":"product","link":"https:\/\/www.ernstbrunn-apotheke.at\/katalog\/produkt\/adler-pharma-schuessler-nr-29-cobaltum-d-12-100-g\/","title":{"rendered":"Adler Pharma Sch\u00fc\u00dfler Nr. 29 Cobaltum D 12 100 g"},"content":{"rendered":"<p>Sch\u00fc\u00dfler Nr. 29 Cobaltum ist im Organismus wichtig f\u00fcr die Blutbildung und unterst\u00fctzt den Energiehaushalt des Menschen. Zudem aktiviert es den gesamten Stoffwechsel.<\/p>\n","protected":false},"excerpt":{"rendered":"<p>Sch\u00fc\u00dfler Nr. 29 Cobaltum ist im Organismus wichtig f\u00fcr die Blutbildung und unterst\u00fctzt den Energiehaushalt des Menschen. Zudem aktiviert es den gesamten Stoffwechsel.<\/p>\n","protected":false},"featured_media":39631,"template":"","meta":{"_acf_changed":false},"product_brand":[928],"product_cat":[801],"product_tag":[],"class_list":{"0":"post-39629","1":"product","2":"type-product","3":"status-publish","4":"has-post-thumbnail","6":"product_brand-adler-pharma","7":"product_cat-a","8":"pa_packungsgroesse-100g","10":"first","11":"instock","12":"shipping-taxable","13":"purchasable","14":"product-type-simple"},"acf":[],"_links":{"self":[{"href":"https:\/\/www.ernstbrunn-apotheke.at\/katalog\/wp-json\/wp\/v2\/product\/39629","targetHints":{"allow":["GET"]}}],"collection":[{"href":"https:\/\/www.ernstbrunn-apotheke.at\/katalog\/wp-json\/wp\/v2\/product"}],"about":[{"href":"https:\/\/www.ernstbrunn-apotheke.at\/katalog\/wp-json\/wp\/v2\/types\/product"}],"wp:featuredmedia":[{"embeddable":true,"href":"https:\/\/www.ernstbrunn-apotheke.at\/katalog\/wp-json\/wp\/v2\/media\/39631"}],"wp:attachment":[{"href":"https:\/\/www.ernstbrunn-apotheke.at\/katalog\/wp-json\/wp\/v2\/media?parent=39629"}],"wp:term":[{"taxonomy":"product_brand","embeddable":true,"href":"https:\/\/www.ernstbrunn-apotheke.at\/katalog\/wp-json\/wp\/v2\/product_brand?post=39629"},{"taxonomy":"product_cat","embeddable":true,"href":"https:\/\/www.ernstbrunn-apotheke.at\/katalog\/wp-json\/wp\/v2\/product_cat?post=39629"},{"taxonomy":"product_tag","embeddable":true,"href":"https:\/\/www.ernstbrunn-apotheke.at\/katalog\/wp-json\/wp\/v2\/product_tag?post=39629"}],"curies":[{"name":"wp","href":"https:\/\/api.w.org\/{rel}","templated":true}]}}