{"id":39626,"date":"2025-11-10T13:58:44","date_gmt":"2025-11-10T12:58:44","guid":{"rendered":"https:\/\/www.ernstbrunn-apotheke.at\/katalog\/produkt\/schuessler-nr-21-zincum-chloratum-d12-kautabletten-100-g\/"},"modified":"2025-12-08T15:54:53","modified_gmt":"2025-12-08T14:54:53","slug":"schuessler-nr-21-zincum-chloratum-d12-kautabletten-100-g","status":"publish","type":"product","link":"https:\/\/www.ernstbrunn-apotheke.at\/katalog\/produkt\/schuessler-nr-21-zincum-chloratum-d12-kautabletten-100-g\/","title":{"rendered":"Sch\u00fc\u00dfler Nr. 21 Zincum chloratum D12 Kautabletten 100 g"},"content":{"rendered":"<p>Sch\u00fc\u00dfler Nr. 21 Zincum Chloratum Adler 100 g D 12 Kautabletten wirken beruhigend und ausgleichend auf die Funktionen des Nevensystems. Die Nr. 21 wird bei nerv\u00f6ser Schlaflosigkeit eingesetzt. Es f\u00f6rdert die Lernleistung und Merkf\u00e4higkeit. Die Sinne und damit Sehen, H\u00f6ren und Schmecken werden gest\u00e4rkt.<\/p>\n","protected":false},"excerpt":{"rendered":"<p>Sch\u00fc\u00dfler Nr. 21 Zincum Chloratum Adler 100 g D 12 Kautabletten wirken beruhigend und ausgleichend auf die Funktionen des Nevensystems. Die Nr. 21 wird bei nerv\u00f6ser Schlaflosigkeit eingesetzt. Es f\u00f6rdert die Lernleistung und Merkf\u00e4higkeit. Die Sinne und damit Sehen, H\u00f6ren und Schmecken werden gest\u00e4rkt.<\/p>\n","protected":false},"featured_media":39628,"template":"","meta":{"_acf_changed":false},"product_brand":[938],"product_cat":[791],"product_tag":[],"class_list":{"0":"post-39626","1":"product","2":"type-product","3":"status-publish","4":"has-post-thumbnail","6":"product_brand-schuessler","7":"product_cat-s","8":"pa_packungsgroesse-100g","10":"first","11":"instock","12":"shipping-taxable","13":"purchasable","14":"product-type-simple"},"acf":[],"_links":{"self":[{"href":"https:\/\/www.ernstbrunn-apotheke.at\/katalog\/wp-json\/wp\/v2\/product\/39626","targetHints":{"allow":["GET"]}}],"collection":[{"href":"https:\/\/www.ernstbrunn-apotheke.at\/katalog\/wp-json\/wp\/v2\/product"}],"about":[{"href":"https:\/\/www.ernstbrunn-apotheke.at\/katalog\/wp-json\/wp\/v2\/types\/product"}],"wp:featuredmedia":[{"embeddable":true,"href":"https:\/\/www.ernstbrunn-apotheke.at\/katalog\/wp-json\/wp\/v2\/media\/39628"}],"wp:attachment":[{"href":"https:\/\/www.ernstbrunn-apotheke.at\/katalog\/wp-json\/wp\/v2\/media?parent=39626"}],"wp:term":[{"taxonomy":"product_brand","embeddable":true,"href":"https:\/\/www.ernstbrunn-apotheke.at\/katalog\/wp-json\/wp\/v2\/product_brand?post=39626"},{"taxonomy":"product_cat","embeddable":true,"href":"https:\/\/www.ernstbrunn-apotheke.at\/katalog\/wp-json\/wp\/v2\/product_cat?post=39626"},{"taxonomy":"product_tag","embeddable":true,"href":"https:\/\/www.ernstbrunn-apotheke.at\/katalog\/wp-json\/wp\/v2\/product_tag?post=39626"}],"curies":[{"name":"wp","href":"https:\/\/api.w.org\/{rel}","templated":true}]}}