{"id":39616,"date":"2025-11-10T13:58:16","date_gmt":"2025-11-10T12:58:16","guid":{"rendered":"https:\/\/www.ernstbrunn-apotheke.at\/katalog\/produkt\/schuessler-nr-12-calcium-sulfuricum-d6-kautabletten-100-g\/"},"modified":"2025-12-08T15:54:51","modified_gmt":"2025-12-08T14:54:51","slug":"schuessler-nr-12-calcium-sulfuricum-d6-kautabletten-100-g","status":"publish","type":"product","link":"https:\/\/www.ernstbrunn-apotheke.at\/katalog\/produkt\/schuessler-nr-12-calcium-sulfuricum-d6-kautabletten-100-g\/","title":{"rendered":"Sch\u00fc\u00dfler Nr. 12 Calcium sulfuricum D6 Kautabletten 100 g"},"content":{"rendered":"<p>Sch\u00fc\u00dfler Nr. 12 Calcium Sulfuricum Adler 100 g D 6 Kautabletten unterst\u00fctzen die Festigkeit des Binde- und St\u00fctzgewebes. Im menschlichen K\u00f6rper kommt es in der Leber, der Galle und der Knorpelmasse vor. Treten Defizite an Calciumsulfat auf, k\u00f6nnen rheumatische Erkrankungen und Entz\u00fcndungen der Haut mit Eiterungen behandelt werden.<\/p>\n","protected":false},"excerpt":{"rendered":"<p>Sch\u00fc\u00dfler Nr. 12 Calcium Sulfuricum Adler 100 g D 6 Kautabletten unterst\u00fctzen die Festigkeit des Binde- und St\u00fctzgewebes. Im menschlichen K\u00f6rper kommt es in der Leber, der Galle und der Knorpelmasse vor. Treten Defizite an Calciumsulfat auf, k\u00f6nnen rheumatische Erkrankungen und Entz\u00fcndungen der Haut mit Eiterungen behandelt werden.<\/p>\n","protected":false},"featured_media":39618,"template":"","meta":{"_acf_changed":false},"product_brand":[938],"product_cat":[791],"product_tag":[],"class_list":{"0":"post-39616","1":"product","2":"type-product","3":"status-publish","4":"has-post-thumbnail","6":"product_brand-schuessler","7":"product_cat-s","8":"pa_packungsgroesse-100g","10":"first","11":"instock","12":"shipping-taxable","13":"purchasable","14":"product-type-simple"},"acf":[],"_links":{"self":[{"href":"https:\/\/www.ernstbrunn-apotheke.at\/katalog\/wp-json\/wp\/v2\/product\/39616","targetHints":{"allow":["GET"]}}],"collection":[{"href":"https:\/\/www.ernstbrunn-apotheke.at\/katalog\/wp-json\/wp\/v2\/product"}],"about":[{"href":"https:\/\/www.ernstbrunn-apotheke.at\/katalog\/wp-json\/wp\/v2\/types\/product"}],"wp:featuredmedia":[{"embeddable":true,"href":"https:\/\/www.ernstbrunn-apotheke.at\/katalog\/wp-json\/wp\/v2\/media\/39618"}],"wp:attachment":[{"href":"https:\/\/www.ernstbrunn-apotheke.at\/katalog\/wp-json\/wp\/v2\/media?parent=39616"}],"wp:term":[{"taxonomy":"product_brand","embeddable":true,"href":"https:\/\/www.ernstbrunn-apotheke.at\/katalog\/wp-json\/wp\/v2\/product_brand?post=39616"},{"taxonomy":"product_cat","embeddable":true,"href":"https:\/\/www.ernstbrunn-apotheke.at\/katalog\/wp-json\/wp\/v2\/product_cat?post=39616"},{"taxonomy":"product_tag","embeddable":true,"href":"https:\/\/www.ernstbrunn-apotheke.at\/katalog\/wp-json\/wp\/v2\/product_tag?post=39616"}],"curies":[{"name":"wp","href":"https:\/\/api.w.org\/{rel}","templated":true}]}}