{"id":39584,"date":"2025-11-10T13:57:34","date_gmt":"2025-11-10T12:57:34","guid":{"rendered":"https:\/\/www.ernstbrunn-apotheke.at\/katalog\/produkt\/adler-pharma-ortho-aktiv-pankreaplus-kapseln-60-stk\/"},"modified":"2025-12-08T15:54:39","modified_gmt":"2025-12-08T14:54:39","slug":"adler-pharma-ortho-aktiv-pankreaplus-kapseln-60-stk","status":"publish","type":"product","link":"https:\/\/www.ernstbrunn-apotheke.at\/katalog\/produkt\/adler-pharma-ortho-aktiv-pankreaplus-kapseln-60-stk\/","title":{"rendered":"Adler Pharma Ortho Aktiv Pankreaplus Kapseln 60 Stk."},"content":{"rendered":"<p>Adler Ortho Aktiv &#8211; die auf jedes Sch\u00fc\u00dfler Salz von Nr. 1 &#8211; Nr. 12 abgestimmte N\u00e4hrstoffkombinationen, welche die ganzk\u00f6rperliche Wirkung des betreffenden Sch\u00fc\u00dfler Salzes begleiten und unterst\u00fctzen.Chrom tr\u00e4gt zur Aufrechterhaltung eines normalen Blutzuckerspiegels beiNiacin, Thiamin, Riboflavin, Pantothens\u00e4ure, Biotin, Folat, Vitamin B12 tr\u00e4gt zu einem normalen Energiestoffwechsel beiZink tr\u00e4gt zu einem normalen Kohlenhydrat-Stoffwechsel, zu einer normalen Funktion des Immunsystems bei und hilft, die Zellen vor oxidativen Stress zu sch\u00fctzenMangan tr\u00e4gt zu einem normalen Energiestoffwechsel bei und tr\u00e4gt dazu bei, die Zellen vor oxidativen Stress zu sch\u00fctzenKupfer tr\u00e4gt zu einer normalen Hautpigmentierung bei und tr\u00e4gt dazu bei, die Zellen vor oxidativen Stress zu sch\u00fctzenEnth\u00e4lt Alpha-Lipons\u00e4ure.<\/p>\n","protected":false},"excerpt":{"rendered":"<p>Adler Ortho Aktiv &#8211; die auf jedes Sch\u00fc\u00dfler Salz von Nr. 1 &#8211; Nr. 12 abgestimmte N\u00e4hrstoffkombinationen, welche die ganzk\u00f6rperliche Wirkung des betreffenden Sch\u00fc\u00dfler Salzes begleiten und unterst\u00fctzen.Chrom tr\u00e4gt zur Aufrechterhaltung eines normalen Blutzuckerspiegels beiNiacin, Thiamin, Riboflavin, Pantothens\u00e4ure, Biotin, Folat, Vitamin B12 tr\u00e4gt zu einem normalen Energiestoffwechsel beiZink tr\u00e4gt zu einem normalen Kohlenhydrat-Stoffwechsel, zu einer [&hellip;]<\/p>\n","protected":false},"featured_media":39586,"template":"","meta":{"_acf_changed":false},"product_brand":[928],"product_cat":[801],"product_tag":[],"class_list":{"0":"post-39584","1":"product","2":"type-product","3":"status-publish","4":"has-post-thumbnail","6":"product_brand-adler-pharma","7":"product_cat-a","8":"pa_packungsgroesse-60-stueck","10":"first","11":"instock","12":"shipping-taxable","13":"purchasable","14":"product-type-simple"},"acf":[],"_links":{"self":[{"href":"https:\/\/www.ernstbrunn-apotheke.at\/katalog\/wp-json\/wp\/v2\/product\/39584","targetHints":{"allow":["GET"]}}],"collection":[{"href":"https:\/\/www.ernstbrunn-apotheke.at\/katalog\/wp-json\/wp\/v2\/product"}],"about":[{"href":"https:\/\/www.ernstbrunn-apotheke.at\/katalog\/wp-json\/wp\/v2\/types\/product"}],"wp:featuredmedia":[{"embeddable":true,"href":"https:\/\/www.ernstbrunn-apotheke.at\/katalog\/wp-json\/wp\/v2\/media\/39586"}],"wp:attachment":[{"href":"https:\/\/www.ernstbrunn-apotheke.at\/katalog\/wp-json\/wp\/v2\/media?parent=39584"}],"wp:term":[{"taxonomy":"product_brand","embeddable":true,"href":"https:\/\/www.ernstbrunn-apotheke.at\/katalog\/wp-json\/wp\/v2\/product_brand?post=39584"},{"taxonomy":"product_cat","embeddable":true,"href":"https:\/\/www.ernstbrunn-apotheke.at\/katalog\/wp-json\/wp\/v2\/product_cat?post=39584"},{"taxonomy":"product_tag","embeddable":true,"href":"https:\/\/www.ernstbrunn-apotheke.at\/katalog\/wp-json\/wp\/v2\/product_tag?post=39584"}],"curies":[{"name":"wp","href":"https:\/\/api.w.org\/{rel}","templated":true}]}}