{"id":39564,"date":"2025-11-10T13:57:03","date_gmt":"2025-11-10T12:57:03","guid":{"rendered":"https:\/\/www.ernstbrunn-apotheke.at\/katalog\/produkt\/schuessler-nr-6-kalium-sulfuricum-d6-kautabletten-100-g\/"},"modified":"2025-12-08T15:54:32","modified_gmt":"2025-12-08T14:54:32","slug":"schuessler-nr-6-kalium-sulfuricum-d6-kautabletten-100-g","status":"publish","type":"product","link":"https:\/\/www.ernstbrunn-apotheke.at\/katalog\/produkt\/schuessler-nr-6-kalium-sulfuricum-d6-kautabletten-100-g\/","title":{"rendered":"Sch\u00fc\u00dfler Nr. 6 Kalium sulfuricum D6 Kautabletten 100 g"},"content":{"rendered":"<p>Adler Sch\u00fc\u00dfler Salze Nr. 6 Kalium sulfuricum D6 Kautabletten bringen den Sauerstoff ins Zellinnere und sorgt dadurch f\u00fcr regelm\u00e4\u00dfige Zellerneuerung. Dieser Mineralstoff wird vor allem dann eingesetzt, wenn der Stoffwechsel behindert oder tr\u00e4ge geworden ist, etwa bei chronischen Hauterkrankungen aller Art..<\/p>\n","protected":false},"excerpt":{"rendered":"<p>Adler Sch\u00fc\u00dfler Salze Nr. 6 Kalium sulfuricum D6 Kautabletten bringen den Sauerstoff ins Zellinnere und sorgt dadurch f\u00fcr regelm\u00e4\u00dfige Zellerneuerung. Dieser Mineralstoff wird vor allem dann eingesetzt, wenn der Stoffwechsel behindert oder tr\u00e4ge geworden ist, etwa bei chronischen Hauterkrankungen aller Art..<\/p>\n","protected":false},"featured_media":39566,"template":"","meta":{"_acf_changed":false},"product_brand":[938],"product_cat":[791],"product_tag":[],"class_list":{"0":"post-39564","1":"product","2":"type-product","3":"status-publish","4":"has-post-thumbnail","6":"product_brand-schuessler","7":"product_cat-s","8":"pa_packungsgroesse-100g","10":"first","11":"instock","12":"shipping-taxable","13":"purchasable","14":"product-type-simple"},"acf":[],"_links":{"self":[{"href":"https:\/\/www.ernstbrunn-apotheke.at\/katalog\/wp-json\/wp\/v2\/product\/39564","targetHints":{"allow":["GET"]}}],"collection":[{"href":"https:\/\/www.ernstbrunn-apotheke.at\/katalog\/wp-json\/wp\/v2\/product"}],"about":[{"href":"https:\/\/www.ernstbrunn-apotheke.at\/katalog\/wp-json\/wp\/v2\/types\/product"}],"wp:featuredmedia":[{"embeddable":true,"href":"https:\/\/www.ernstbrunn-apotheke.at\/katalog\/wp-json\/wp\/v2\/media\/39566"}],"wp:attachment":[{"href":"https:\/\/www.ernstbrunn-apotheke.at\/katalog\/wp-json\/wp\/v2\/media?parent=39564"}],"wp:term":[{"taxonomy":"product_brand","embeddable":true,"href":"https:\/\/www.ernstbrunn-apotheke.at\/katalog\/wp-json\/wp\/v2\/product_brand?post=39564"},{"taxonomy":"product_cat","embeddable":true,"href":"https:\/\/www.ernstbrunn-apotheke.at\/katalog\/wp-json\/wp\/v2\/product_cat?post=39564"},{"taxonomy":"product_tag","embeddable":true,"href":"https:\/\/www.ernstbrunn-apotheke.at\/katalog\/wp-json\/wp\/v2\/product_tag?post=39564"}],"curies":[{"name":"wp","href":"https:\/\/api.w.org\/{rel}","templated":true}]}}