{"id":39556,"date":"2025-11-10T13:57:03","date_gmt":"2025-11-10T12:57:03","guid":{"rendered":"https:\/\/www.ernstbrunn-apotheke.at\/katalog\/produkt\/adler-pharma-schuessler-nr-31-stannum-metallicum-d-12-100-g-d-12\/"},"modified":"2025-12-08T15:54:27","modified_gmt":"2025-12-08T14:54:27","slug":"adler-pharma-schuessler-nr-31-stannum-metallicum-d-12-100-g-d-12","status":"publish","type":"product","link":"https:\/\/www.ernstbrunn-apotheke.at\/katalog\/produkt\/adler-pharma-schuessler-nr-31-stannum-metallicum-d-12-100-g-d-12\/","title":{"rendered":"Adler Pharma Sch\u00fc\u00dfler Nr. 31 Stannum Metallicum D 12 100 g D 12"},"content":{"rendered":"<p>Sch\u00fc\u00dfler Nr. 31 Stannum Metallicum kommt im menschlichen Organismus im Magen-Darm-Trakt, in Knochen, Muskeln, in Leber, Lunge, Herz und im Thymus vor. Es hat daher Bedeutung f\u00fcr das Immunsystem und unterst\u00fctzt und reguliert die Salzs\u00e4urebildung im Magen. Dar\u00fcber hinaus hat das Salz Bedeutung f\u00fcr die Nierenfunktionen und den Haarwuchs.<\/p>\n","protected":false},"excerpt":{"rendered":"<p>Sch\u00fc\u00dfler Nr. 31 Stannum Metallicum kommt im menschlichen Organismus im Magen-Darm-Trakt, in Knochen, Muskeln, in Leber, Lunge, Herz und im Thymus vor. Es hat daher Bedeutung f\u00fcr das Immunsystem und unterst\u00fctzt und reguliert die Salzs\u00e4urebildung im Magen. Dar\u00fcber hinaus hat das Salz Bedeutung f\u00fcr die Nierenfunktionen und den Haarwuchs.<\/p>\n","protected":false},"featured_media":39558,"template":"","meta":{"_acf_changed":false},"product_brand":[928],"product_cat":[801],"product_tag":[],"class_list":{"0":"post-39556","1":"product","2":"type-product","3":"status-publish","4":"has-post-thumbnail","6":"product_brand-adler-pharma","7":"product_cat-a","8":"pa_packungsgroesse-100g","10":"first","11":"instock","12":"shipping-taxable","13":"purchasable","14":"product-type-simple"},"acf":[],"_links":{"self":[{"href":"https:\/\/www.ernstbrunn-apotheke.at\/katalog\/wp-json\/wp\/v2\/product\/39556","targetHints":{"allow":["GET"]}}],"collection":[{"href":"https:\/\/www.ernstbrunn-apotheke.at\/katalog\/wp-json\/wp\/v2\/product"}],"about":[{"href":"https:\/\/www.ernstbrunn-apotheke.at\/katalog\/wp-json\/wp\/v2\/types\/product"}],"wp:featuredmedia":[{"embeddable":true,"href":"https:\/\/www.ernstbrunn-apotheke.at\/katalog\/wp-json\/wp\/v2\/media\/39558"}],"wp:attachment":[{"href":"https:\/\/www.ernstbrunn-apotheke.at\/katalog\/wp-json\/wp\/v2\/media?parent=39556"}],"wp:term":[{"taxonomy":"product_brand","embeddable":true,"href":"https:\/\/www.ernstbrunn-apotheke.at\/katalog\/wp-json\/wp\/v2\/product_brand?post=39556"},{"taxonomy":"product_cat","embeddable":true,"href":"https:\/\/www.ernstbrunn-apotheke.at\/katalog\/wp-json\/wp\/v2\/product_cat?post=39556"},{"taxonomy":"product_tag","embeddable":true,"href":"https:\/\/www.ernstbrunn-apotheke.at\/katalog\/wp-json\/wp\/v2\/product_tag?post=39556"}],"curies":[{"name":"wp","href":"https:\/\/api.w.org\/{rel}","templated":true}]}}