{"id":39518,"date":"2025-11-10T13:56:10","date_gmt":"2025-11-10T12:56:10","guid":{"rendered":"https:\/\/www.ernstbrunn-apotheke.at\/katalog\/produkt\/adler-pharma-ortho-aktiv-detox-basic-kapseln-60-stk\/"},"modified":"2025-12-08T15:54:09","modified_gmt":"2025-12-08T14:54:09","slug":"adler-pharma-ortho-aktiv-detox-basic-kapseln-60-stk","status":"publish","type":"product","link":"https:\/\/www.ernstbrunn-apotheke.at\/katalog\/produkt\/adler-pharma-ortho-aktiv-detox-basic-kapseln-60-stk\/","title":{"rendered":"Adler Pharma Ortho Aktiv Detox Basic Kapseln 60 Stk."},"content":{"rendered":"<p>Adler Ortho Aktiv &#8211; die auf jedes Sch\u00fc\u00dfler Salz von Nr. 1 &#8211; Nr. 12 abgestimmte N\u00e4hrstoffkombinationen, welche die ganzk\u00f6rperliche Wirkung des betreffenden Sch\u00fc\u00dfler Salzes begleiten und unterst\u00fctzen.Ein gesundes Bindegewebe mit ausgewogenen S\u00e4ure-Basen-Haushalt ist die Basis f\u00fcr das menschliche Wohlbefinden. Eine ungesunde Ern\u00e4hrung aber auch Schadstoffe, die sich in der Luft befinden oder langfristiger Stress k\u00f6nnen zu einer \u00fcbers\u00e4uerung f\u00fchren und machen das Bindegewebe reaktionstr\u00e4ge. Die Adler Ortho Aktiv Kapseln Nr. 12 versorgen den K\u00f6rper mit basischen N\u00e4hrstoffen und entlastet so das Bindegewebe und f\u00f6rdert einen gesunden Stoffwechsel. Die nat\u00fcrlichen Chlorophyll-Quellen Chorella und Spirulina entfalten zus\u00e4tzlich eine entgiftende Wirkung und helfen belastende Fremdstoffe auszuscheiden..<\/p>\n","protected":false},"excerpt":{"rendered":"<p>Adler Ortho Aktiv &#8211; die auf jedes Sch\u00fc\u00dfler Salz von Nr. 1 &#8211; Nr. 12 abgestimmte N\u00e4hrstoffkombinationen, welche die ganzk\u00f6rperliche Wirkung des betreffenden Sch\u00fc\u00dfler Salzes begleiten und unterst\u00fctzen.Ein gesundes Bindegewebe mit ausgewogenen S\u00e4ure-Basen-Haushalt ist die Basis f\u00fcr das menschliche Wohlbefinden. Eine ungesunde Ern\u00e4hrung aber auch Schadstoffe, die sich in der Luft befinden oder langfristiger Stress [&hellip;]<\/p>\n","protected":false},"featured_media":39520,"template":"","meta":{"_acf_changed":false},"product_brand":[928],"product_cat":[801],"product_tag":[],"class_list":{"0":"post-39518","1":"product","2":"type-product","3":"status-publish","4":"has-post-thumbnail","6":"product_brand-adler-pharma","7":"product_cat-a","8":"pa_packungsgroesse-60-stueck","10":"first","11":"instock","12":"shipping-taxable","13":"purchasable","14":"product-type-simple"},"acf":[],"_links":{"self":[{"href":"https:\/\/www.ernstbrunn-apotheke.at\/katalog\/wp-json\/wp\/v2\/product\/39518","targetHints":{"allow":["GET"]}}],"collection":[{"href":"https:\/\/www.ernstbrunn-apotheke.at\/katalog\/wp-json\/wp\/v2\/product"}],"about":[{"href":"https:\/\/www.ernstbrunn-apotheke.at\/katalog\/wp-json\/wp\/v2\/types\/product"}],"wp:featuredmedia":[{"embeddable":true,"href":"https:\/\/www.ernstbrunn-apotheke.at\/katalog\/wp-json\/wp\/v2\/media\/39520"}],"wp:attachment":[{"href":"https:\/\/www.ernstbrunn-apotheke.at\/katalog\/wp-json\/wp\/v2\/media?parent=39518"}],"wp:term":[{"taxonomy":"product_brand","embeddable":true,"href":"https:\/\/www.ernstbrunn-apotheke.at\/katalog\/wp-json\/wp\/v2\/product_brand?post=39518"},{"taxonomy":"product_cat","embeddable":true,"href":"https:\/\/www.ernstbrunn-apotheke.at\/katalog\/wp-json\/wp\/v2\/product_cat?post=39518"},{"taxonomy":"product_tag","embeddable":true,"href":"https:\/\/www.ernstbrunn-apotheke.at\/katalog\/wp-json\/wp\/v2\/product_tag?post=39518"}],"curies":[{"name":"wp","href":"https:\/\/api.w.org\/{rel}","templated":true}]}}