{"id":39499,"date":"2025-11-10T13:55:33","date_gmt":"2025-11-10T12:55:33","guid":{"rendered":"https:\/\/www.ernstbrunn-apotheke.at\/katalog\/produkt\/adler-pharma-schuessler-nr-33-molybdenum-sulfuratum-d-12-100-g-d-12\/"},"modified":"2025-12-08T15:54:04","modified_gmt":"2025-12-08T14:54:04","slug":"adler-pharma-schuessler-nr-33-molybdenum-sulfuratum-d-12-100-g-d-12","status":"publish","type":"product","link":"https:\/\/www.ernstbrunn-apotheke.at\/katalog\/produkt\/adler-pharma-schuessler-nr-33-molybdenum-sulfuratum-d-12-100-g-d-12\/","title":{"rendered":"Adler Pharma Sch\u00fc\u00dfler Nr. 33 Molybdenum Sulfuratum D 12 100 g D 12"},"content":{"rendered":"<p>Sch\u00fc\u00dfler Nr. 33 Molybdenum Sulfuratum eignet sich zum Einsatz bei einem schwachen Immunsystem. Das Salz kann zudem das Enzymsystem im K\u00f6rper beeinflussen, die Nieren, Knochen und Z\u00e4hne unterst\u00fctzen. Dar\u00fcber hinaus soll es dem Eisen-Stoffwechsel dienlich sein und sogar ausgleichend auf den S\u00e4ure-Basen-Haushalt im K\u00f6rper wirken.<\/p>\n","protected":false},"excerpt":{"rendered":"<p>Sch\u00fc\u00dfler Nr. 33 Molybdenum Sulfuratum eignet sich zum Einsatz bei einem schwachen Immunsystem. Das Salz kann zudem das Enzymsystem im K\u00f6rper beeinflussen, die Nieren, Knochen und Z\u00e4hne unterst\u00fctzen. Dar\u00fcber hinaus soll es dem Eisen-Stoffwechsel dienlich sein und sogar ausgleichend auf den S\u00e4ure-Basen-Haushalt im K\u00f6rper wirken.<\/p>\n","protected":false},"featured_media":39501,"template":"","meta":{"_acf_changed":false},"product_brand":[928],"product_cat":[801],"product_tag":[],"class_list":{"0":"post-39499","1":"product","2":"type-product","3":"status-publish","4":"has-post-thumbnail","6":"product_brand-adler-pharma","7":"product_cat-a","8":"pa_packungsgroesse-100g","10":"first","11":"instock","12":"shipping-taxable","13":"purchasable","14":"product-type-simple"},"acf":[],"_links":{"self":[{"href":"https:\/\/www.ernstbrunn-apotheke.at\/katalog\/wp-json\/wp\/v2\/product\/39499","targetHints":{"allow":["GET"]}}],"collection":[{"href":"https:\/\/www.ernstbrunn-apotheke.at\/katalog\/wp-json\/wp\/v2\/product"}],"about":[{"href":"https:\/\/www.ernstbrunn-apotheke.at\/katalog\/wp-json\/wp\/v2\/types\/product"}],"wp:featuredmedia":[{"embeddable":true,"href":"https:\/\/www.ernstbrunn-apotheke.at\/katalog\/wp-json\/wp\/v2\/media\/39501"}],"wp:attachment":[{"href":"https:\/\/www.ernstbrunn-apotheke.at\/katalog\/wp-json\/wp\/v2\/media?parent=39499"}],"wp:term":[{"taxonomy":"product_brand","embeddable":true,"href":"https:\/\/www.ernstbrunn-apotheke.at\/katalog\/wp-json\/wp\/v2\/product_brand?post=39499"},{"taxonomy":"product_cat","embeddable":true,"href":"https:\/\/www.ernstbrunn-apotheke.at\/katalog\/wp-json\/wp\/v2\/product_cat?post=39499"},{"taxonomy":"product_tag","embeddable":true,"href":"https:\/\/www.ernstbrunn-apotheke.at\/katalog\/wp-json\/wp\/v2\/product_tag?post=39499"}],"curies":[{"name":"wp","href":"https:\/\/api.w.org\/{rel}","templated":true}]}}