{"id":39486,"date":"2025-11-10T13:55:33","date_gmt":"2025-11-10T12:55:33","guid":{"rendered":"https:\/\/www.ernstbrunn-apotheke.at\/katalog\/produkt\/adler-pharma-ortho-aktiv-calcium-plus-60-stk\/"},"modified":"2025-12-08T15:54:02","modified_gmt":"2025-12-08T14:54:02","slug":"adler-pharma-ortho-aktiv-calcium-plus-60-stk","status":"publish","type":"product","link":"https:\/\/www.ernstbrunn-apotheke.at\/katalog\/produkt\/adler-pharma-ortho-aktiv-calcium-plus-60-stk\/","title":{"rendered":"Adler Pharma Ortho Aktiv Calcium Plus 60 Stk."},"content":{"rendered":"<p>Adler Ortho Aktiv &#8211; die auf jedes Sch\u00fc\u00dfler Salz von Nr. 1 &#8211; Nr. 12 abgestimmte N\u00e4hrstoffkombinationen, welche die ganzk\u00f6rperliche Wirkung des betreffenden Sch\u00fc\u00dfler Salzes begleiten und unterst\u00fctzen. wird f\u00fcr die Erhaltung normaler Knochen ben\u00f6tigtVitamin D tr\u00e4gt zu einem normalen Calciumspiegel im Blut und zur Erhaltung normaler Knochen beiVitamin K tr\u00e4gt zur Erhaltung normaler Knochen beiVitamin C tr\u00e4gt dazu bei, die Zellen vor Oxidativen Stress zu sch\u00fctzen und tr\u00e4gt zu einer normalen Kollagenbildung f\u00fcr eine normale Knorpelfunktion und Funktion der Knochen beiMangan tr\u00e4gt dazu bei, die Zellen vor Oxidativen Stress zu sch\u00fctzen und tr\u00e4gt zur Erhaltung normaler Knochen beiZink tr\u00e4gt zu einem normalen S\u00e4ure-Basen-Stoffwechsel und zur Erhaltung normaler Knochen bei.<\/p>\n","protected":false},"excerpt":{"rendered":"<p>Adler Ortho Aktiv &#8211; die auf jedes Sch\u00fc\u00dfler Salz von Nr. 1 &#8211; Nr. 12 abgestimmte N\u00e4hrstoffkombinationen, welche die ganzk\u00f6rperliche Wirkung des betreffenden Sch\u00fc\u00dfler Salzes begleiten und unterst\u00fctzen. wird f\u00fcr die Erhaltung normaler Knochen ben\u00f6tigtVitamin D tr\u00e4gt zu einem normalen Calciumspiegel im Blut und zur Erhaltung normaler Knochen beiVitamin K tr\u00e4gt zur Erhaltung normaler Knochen [&hellip;]<\/p>\n","protected":false},"featured_media":39488,"template":"","meta":{"_acf_changed":false},"product_brand":[928],"product_cat":[801],"product_tag":[],"class_list":{"0":"post-39486","1":"product","2":"type-product","3":"status-publish","4":"has-post-thumbnail","6":"product_brand-adler-pharma","7":"product_cat-a","8":"pa_packungsgroesse-60-stueck","10":"first","11":"instock","12":"shipping-taxable","13":"purchasable","14":"product-type-simple"},"acf":[],"_links":{"self":[{"href":"https:\/\/www.ernstbrunn-apotheke.at\/katalog\/wp-json\/wp\/v2\/product\/39486","targetHints":{"allow":["GET"]}}],"collection":[{"href":"https:\/\/www.ernstbrunn-apotheke.at\/katalog\/wp-json\/wp\/v2\/product"}],"about":[{"href":"https:\/\/www.ernstbrunn-apotheke.at\/katalog\/wp-json\/wp\/v2\/types\/product"}],"wp:featuredmedia":[{"embeddable":true,"href":"https:\/\/www.ernstbrunn-apotheke.at\/katalog\/wp-json\/wp\/v2\/media\/39488"}],"wp:attachment":[{"href":"https:\/\/www.ernstbrunn-apotheke.at\/katalog\/wp-json\/wp\/v2\/media?parent=39486"}],"wp:term":[{"taxonomy":"product_brand","embeddable":true,"href":"https:\/\/www.ernstbrunn-apotheke.at\/katalog\/wp-json\/wp\/v2\/product_brand?post=39486"},{"taxonomy":"product_cat","embeddable":true,"href":"https:\/\/www.ernstbrunn-apotheke.at\/katalog\/wp-json\/wp\/v2\/product_cat?post=39486"},{"taxonomy":"product_tag","embeddable":true,"href":"https:\/\/www.ernstbrunn-apotheke.at\/katalog\/wp-json\/wp\/v2\/product_tag?post=39486"}],"curies":[{"name":"wp","href":"https:\/\/api.w.org\/{rel}","templated":true}]}}