{"id":39466,"date":"2025-11-10T13:55:06","date_gmt":"2025-11-10T12:55:06","guid":{"rendered":"https:\/\/www.ernstbrunn-apotheke.at\/katalog\/produkt\/adler-pharma-schuessler-regidol-after-sport-200-ml\/"},"modified":"2025-12-08T15:53:56","modified_gmt":"2025-12-08T14:53:56","slug":"adler-pharma-schuessler-regidol-after-sport-200-ml","status":"publish","type":"product","link":"https:\/\/www.ernstbrunn-apotheke.at\/katalog\/produkt\/adler-pharma-schuessler-regidol-after-sport-200-ml\/","title":{"rendered":"Adler Pharma Sch\u00fc\u00dfler Regidol After Sport 200 ml"},"content":{"rendered":"<p>Adler Pharma Dr. Sch\u00fc\u00dfler Regidol After Sport entspannt beanspruchte K\u00f6rperpartien durch den Gehalt an hoch verd\u00fcnnten Mineralstoffen. Diese unterst\u00fctzen den Abbau der belastenden Stoffe. Das Bindegewebe wird dadurch entlastet. Die Lotion belebt den Stoffwechsel und f\u00f6rdert die Regeneration der beanspruchten Gewebe. Die Haut wird erfrischt und bleibt geschmeidig.<\/p>\n","protected":false},"excerpt":{"rendered":"<p>Adler Pharma Dr. Sch\u00fc\u00dfler Regidol After Sport entspannt beanspruchte K\u00f6rperpartien durch den Gehalt an hoch verd\u00fcnnten Mineralstoffen. Diese unterst\u00fctzen den Abbau der belastenden Stoffe. Das Bindegewebe wird dadurch entlastet. Die Lotion belebt den Stoffwechsel und f\u00f6rdert die Regeneration der beanspruchten Gewebe. Die Haut wird erfrischt und bleibt geschmeidig.<\/p>\n","protected":false},"featured_media":39468,"template":"","meta":{"_acf_changed":false},"product_brand":[928],"product_cat":[801],"product_tag":[],"class_list":{"0":"post-39466","1":"product","2":"type-product","3":"status-publish","4":"has-post-thumbnail","6":"product_brand-adler-pharma","7":"product_cat-a","8":"pa_geschmack-arnika","9":"pa_packungsgroesse-200ml","11":"first","12":"instock","13":"shipping-taxable","14":"purchasable","15":"product-type-simple"},"acf":[],"_links":{"self":[{"href":"https:\/\/www.ernstbrunn-apotheke.at\/katalog\/wp-json\/wp\/v2\/product\/39466","targetHints":{"allow":["GET"]}}],"collection":[{"href":"https:\/\/www.ernstbrunn-apotheke.at\/katalog\/wp-json\/wp\/v2\/product"}],"about":[{"href":"https:\/\/www.ernstbrunn-apotheke.at\/katalog\/wp-json\/wp\/v2\/types\/product"}],"wp:featuredmedia":[{"embeddable":true,"href":"https:\/\/www.ernstbrunn-apotheke.at\/katalog\/wp-json\/wp\/v2\/media\/39468"}],"wp:attachment":[{"href":"https:\/\/www.ernstbrunn-apotheke.at\/katalog\/wp-json\/wp\/v2\/media?parent=39466"}],"wp:term":[{"taxonomy":"product_brand","embeddable":true,"href":"https:\/\/www.ernstbrunn-apotheke.at\/katalog\/wp-json\/wp\/v2\/product_brand?post=39466"},{"taxonomy":"product_cat","embeddable":true,"href":"https:\/\/www.ernstbrunn-apotheke.at\/katalog\/wp-json\/wp\/v2\/product_cat?post=39466"},{"taxonomy":"product_tag","embeddable":true,"href":"https:\/\/www.ernstbrunn-apotheke.at\/katalog\/wp-json\/wp\/v2\/product_tag?post=39466"}],"curies":[{"name":"wp","href":"https:\/\/api.w.org\/{rel}","templated":true}]}}