{"id":39427,"date":"2025-11-10T13:53:44","date_gmt":"2025-11-10T12:53:44","guid":{"rendered":"https:\/\/www.ernstbrunn-apotheke.at\/katalog\/produkt\/schuessler-nr-1-calcium-fluoratum-d12-kautabletten-100-g\/"},"modified":"2025-12-08T15:53:45","modified_gmt":"2025-12-08T14:53:45","slug":"schuessler-nr-1-calcium-fluoratum-d12-kautabletten-100-g","status":"publish","type":"product","link":"https:\/\/www.ernstbrunn-apotheke.at\/katalog\/produkt\/schuessler-nr-1-calcium-fluoratum-d12-kautabletten-100-g\/","title":{"rendered":"Sch\u00fc\u00dfler Nr. 1 Calcium fluoratum D12 Kautabletten 100 g"},"content":{"rendered":"<p>Adler Sch\u00fc\u00dfler Salze Nr. 1 Calcium fluoratum D12 Kautabletten dienen zur Festigung von St\u00fctz- und Bindegewebe des K\u00f6rpers. Calcium ist zudem im Zahnschmelz, den Knochen und den Zellen der obersten Hautschicht enthalten. Das Produkt findet dar\u00fcber hinaus Anwendung bei der Unterst\u00fctzung der Gl\u00e4ttung von Narbengewebe..<\/p>\n","protected":false},"excerpt":{"rendered":"<p>Adler Sch\u00fc\u00dfler Salze Nr. 1 Calcium fluoratum D12 Kautabletten dienen zur Festigung von St\u00fctz- und Bindegewebe des K\u00f6rpers. Calcium ist zudem im Zahnschmelz, den Knochen und den Zellen der obersten Hautschicht enthalten. Das Produkt findet dar\u00fcber hinaus Anwendung bei der Unterst\u00fctzung der Gl\u00e4ttung von Narbengewebe..<\/p>\n","protected":false},"featured_media":39429,"template":"","meta":{"_acf_changed":false},"product_brand":[938],"product_cat":[791],"product_tag":[],"class_list":{"0":"post-39427","1":"product","2":"type-product","3":"status-publish","4":"has-post-thumbnail","6":"product_brand-schuessler","7":"product_cat-s","8":"pa_packungsgroesse-100g","10":"first","11":"instock","12":"shipping-taxable","13":"purchasable","14":"product-type-simple"},"acf":[],"_links":{"self":[{"href":"https:\/\/www.ernstbrunn-apotheke.at\/katalog\/wp-json\/wp\/v2\/product\/39427","targetHints":{"allow":["GET"]}}],"collection":[{"href":"https:\/\/www.ernstbrunn-apotheke.at\/katalog\/wp-json\/wp\/v2\/product"}],"about":[{"href":"https:\/\/www.ernstbrunn-apotheke.at\/katalog\/wp-json\/wp\/v2\/types\/product"}],"wp:featuredmedia":[{"embeddable":true,"href":"https:\/\/www.ernstbrunn-apotheke.at\/katalog\/wp-json\/wp\/v2\/media\/39429"}],"wp:attachment":[{"href":"https:\/\/www.ernstbrunn-apotheke.at\/katalog\/wp-json\/wp\/v2\/media?parent=39427"}],"wp:term":[{"taxonomy":"product_brand","embeddable":true,"href":"https:\/\/www.ernstbrunn-apotheke.at\/katalog\/wp-json\/wp\/v2\/product_brand?post=39427"},{"taxonomy":"product_cat","embeddable":true,"href":"https:\/\/www.ernstbrunn-apotheke.at\/katalog\/wp-json\/wp\/v2\/product_cat?post=39427"},{"taxonomy":"product_tag","embeddable":true,"href":"https:\/\/www.ernstbrunn-apotheke.at\/katalog\/wp-json\/wp\/v2\/product_tag?post=39427"}],"curies":[{"name":"wp","href":"https:\/\/api.w.org\/{rel}","templated":true}]}}