{"id":39418,"date":"2025-11-10T13:53:44","date_gmt":"2025-11-10T12:53:44","guid":{"rendered":"https:\/\/www.ernstbrunn-apotheke.at\/katalog\/produkt\/adler-pharma-schuessler-toms-gesichtscreme-50-ml\/"},"modified":"2025-12-08T15:53:44","modified_gmt":"2025-12-08T14:53:44","slug":"adler-pharma-schuessler-toms-gesichtscreme-50-ml","status":"publish","type":"product","link":"https:\/\/www.ernstbrunn-apotheke.at\/katalog\/produkt\/adler-pharma-schuessler-toms-gesichtscreme-50-ml\/","title":{"rendered":"Adler Pharma Sch\u00fc\u00dfler Toms Gesichtscreme 50 ml"},"content":{"rendered":"<p>Adler Pharma Dr. Sch\u00fc\u00dfler Tom&#8217;s Gesichtscreme ist eine After Shave + Repair-Pflege, welche speziell auf die Bed\u00fcrfnisse strapazierter M\u00e4nnerhaut nach der Rasur abgestimmt ist. Hoch verd\u00fcnnte Mineralstoffe f\u00f6rdern die Hautregeneration optimal. Wertvolle Inhaltsstoffe spenden Feuchtigkeit, Power und Frische. Auf diese Weise gepflegt, wird jeder Tag zum Erlebnis.<\/p>\n","protected":false},"excerpt":{"rendered":"<p>Adler Pharma Dr. Sch\u00fc\u00dfler Tom&#8217;s Gesichtscreme ist eine After Shave + Repair-Pflege, welche speziell auf die Bed\u00fcrfnisse strapazierter M\u00e4nnerhaut nach der Rasur abgestimmt ist. Hoch verd\u00fcnnte Mineralstoffe f\u00f6rdern die Hautregeneration optimal. Wertvolle Inhaltsstoffe spenden Feuchtigkeit, Power und Frische. Auf diese Weise gepflegt, wird jeder Tag zum Erlebnis.<\/p>\n","protected":false},"featured_media":39420,"template":"","meta":{"_acf_changed":false},"product_brand":[928],"product_cat":[801],"product_tag":[],"class_list":{"0":"post-39418","1":"product","2":"type-product","3":"status-publish","4":"has-post-thumbnail","6":"product_brand-adler-pharma","7":"product_cat-a","8":"pa_packungsgroesse-50ml","10":"first","11":"instock","12":"shipping-taxable","13":"purchasable","14":"product-type-simple"},"acf":[],"_links":{"self":[{"href":"https:\/\/www.ernstbrunn-apotheke.at\/katalog\/wp-json\/wp\/v2\/product\/39418","targetHints":{"allow":["GET"]}}],"collection":[{"href":"https:\/\/www.ernstbrunn-apotheke.at\/katalog\/wp-json\/wp\/v2\/product"}],"about":[{"href":"https:\/\/www.ernstbrunn-apotheke.at\/katalog\/wp-json\/wp\/v2\/types\/product"}],"wp:featuredmedia":[{"embeddable":true,"href":"https:\/\/www.ernstbrunn-apotheke.at\/katalog\/wp-json\/wp\/v2\/media\/39420"}],"wp:attachment":[{"href":"https:\/\/www.ernstbrunn-apotheke.at\/katalog\/wp-json\/wp\/v2\/media?parent=39418"}],"wp:term":[{"taxonomy":"product_brand","embeddable":true,"href":"https:\/\/www.ernstbrunn-apotheke.at\/katalog\/wp-json\/wp\/v2\/product_brand?post=39418"},{"taxonomy":"product_cat","embeddable":true,"href":"https:\/\/www.ernstbrunn-apotheke.at\/katalog\/wp-json\/wp\/v2\/product_cat?post=39418"},{"taxonomy":"product_tag","embeddable":true,"href":"https:\/\/www.ernstbrunn-apotheke.at\/katalog\/wp-json\/wp\/v2\/product_tag?post=39418"}],"curies":[{"name":"wp","href":"https:\/\/api.w.org\/{rel}","templated":true}]}}