{"id":39396,"date":"2025-11-10T13:53:44","date_gmt":"2025-11-10T12:53:44","guid":{"rendered":"https:\/\/www.ernstbrunn-apotheke.at\/katalog\/produkt\/schuessler-nr-9-natrium-phosphoricum-d6-kautabletten-100-g\/"},"modified":"2025-12-08T15:53:40","modified_gmt":"2025-12-08T14:53:40","slug":"schuessler-nr-9-natrium-phosphoricum-d6-kautabletten-100-g","status":"publish","type":"product","link":"https:\/\/www.ernstbrunn-apotheke.at\/katalog\/produkt\/schuessler-nr-9-natrium-phosphoricum-d6-kautabletten-100-g\/","title":{"rendered":"Sch\u00fc\u00dfler Nr. 9 Natrium phosphoricum D6 Kautabletten 100 g"},"content":{"rendered":"<p>Sch\u00fc\u00dfler Nr. 9 Natrium Phosphoricum Adler 100 g D 6 Kautabletten sorgen f\u00fcr eine ausgewogene S\u00e4ure-Basen-Balance im K\u00f6rper. Es ist das Generalmittel f\u00fcr alle Erkrankungen, die in einem unausgewogenen S\u00e4ure-Basenhaushalt begr\u00fcndet sind. So wird es etwa bei Erkrankungen des rheumatischen Formenkreises eingesetzt.<\/p>\n","protected":false},"excerpt":{"rendered":"<p>Sch\u00fc\u00dfler Nr. 9 Natrium Phosphoricum Adler 100 g D 6 Kautabletten sorgen f\u00fcr eine ausgewogene S\u00e4ure-Basen-Balance im K\u00f6rper. Es ist das Generalmittel f\u00fcr alle Erkrankungen, die in einem unausgewogenen S\u00e4ure-Basenhaushalt begr\u00fcndet sind. So wird es etwa bei Erkrankungen des rheumatischen Formenkreises eingesetzt.<\/p>\n","protected":false},"featured_media":39398,"template":"","meta":{"_acf_changed":false},"product_brand":[938],"product_cat":[791],"product_tag":[],"class_list":{"0":"post-39396","1":"product","2":"type-product","3":"status-publish","4":"has-post-thumbnail","6":"product_brand-schuessler","7":"product_cat-s","8":"pa_packungsgroesse-100g","10":"first","11":"instock","12":"shipping-taxable","13":"purchasable","14":"product-type-simple"},"acf":[],"_links":{"self":[{"href":"https:\/\/www.ernstbrunn-apotheke.at\/katalog\/wp-json\/wp\/v2\/product\/39396","targetHints":{"allow":["GET"]}}],"collection":[{"href":"https:\/\/www.ernstbrunn-apotheke.at\/katalog\/wp-json\/wp\/v2\/product"}],"about":[{"href":"https:\/\/www.ernstbrunn-apotheke.at\/katalog\/wp-json\/wp\/v2\/types\/product"}],"wp:featuredmedia":[{"embeddable":true,"href":"https:\/\/www.ernstbrunn-apotheke.at\/katalog\/wp-json\/wp\/v2\/media\/39398"}],"wp:attachment":[{"href":"https:\/\/www.ernstbrunn-apotheke.at\/katalog\/wp-json\/wp\/v2\/media?parent=39396"}],"wp:term":[{"taxonomy":"product_brand","embeddable":true,"href":"https:\/\/www.ernstbrunn-apotheke.at\/katalog\/wp-json\/wp\/v2\/product_brand?post=39396"},{"taxonomy":"product_cat","embeddable":true,"href":"https:\/\/www.ernstbrunn-apotheke.at\/katalog\/wp-json\/wp\/v2\/product_cat?post=39396"},{"taxonomy":"product_tag","embeddable":true,"href":"https:\/\/www.ernstbrunn-apotheke.at\/katalog\/wp-json\/wp\/v2\/product_tag?post=39396"}],"curies":[{"name":"wp","href":"https:\/\/api.w.org\/{rel}","templated":true}]}}