{"id":39390,"date":"2025-11-10T13:53:12","date_gmt":"2025-11-10T12:53:12","guid":{"rendered":"https:\/\/www.ernstbrunn-apotheke.at\/katalog\/produkt\/adler-pharma-schuessler-tendiva-koerperlotion-200-ml\/"},"modified":"2025-12-08T15:53:37","modified_gmt":"2025-12-08T14:53:37","slug":"adler-pharma-schuessler-tendiva-koerperlotion-200-ml","status":"publish","type":"product","link":"https:\/\/www.ernstbrunn-apotheke.at\/katalog\/produkt\/adler-pharma-schuessler-tendiva-koerperlotion-200-ml\/","title":{"rendered":"Adler Pharma Sch\u00fc\u00dfler Tendiva K\u00f6rperlotion 200 ml"},"content":{"rendered":"<p>Adler Pharma Dr. Sch\u00fc\u00dfler Tendiva K\u00f6rperlotion ist f\u00fcr die ganze Familie geeignet. Sie ist besonders tiefenwirksam und Feuchtigkeit spendend und zieht nach dem Duschen rasch ein. Die Haut wird auf diese Weise mit hoch verd\u00fcnnten Mineralstoffen versorgt.<\/p>\n","protected":false},"excerpt":{"rendered":"<p>Adler Pharma Dr. Sch\u00fc\u00dfler Tendiva K\u00f6rperlotion ist f\u00fcr die ganze Familie geeignet. Sie ist besonders tiefenwirksam und Feuchtigkeit spendend und zieht nach dem Duschen rasch ein. Die Haut wird auf diese Weise mit hoch verd\u00fcnnten Mineralstoffen versorgt.<\/p>\n","protected":false},"featured_media":39392,"template":"","meta":{"_acf_changed":false},"product_brand":[928],"product_cat":[801],"product_tag":[],"class_list":{"0":"post-39390","1":"product","2":"type-product","3":"status-publish","4":"has-post-thumbnail","6":"product_brand-adler-pharma","7":"product_cat-a","8":"pa_farbe-weiss","9":"pa_geschmack-olive","10":"pa_packungsgroesse-200ml","12":"first","13":"instock","14":"shipping-taxable","15":"purchasable","16":"product-type-simple"},"acf":[],"_links":{"self":[{"href":"https:\/\/www.ernstbrunn-apotheke.at\/katalog\/wp-json\/wp\/v2\/product\/39390","targetHints":{"allow":["GET"]}}],"collection":[{"href":"https:\/\/www.ernstbrunn-apotheke.at\/katalog\/wp-json\/wp\/v2\/product"}],"about":[{"href":"https:\/\/www.ernstbrunn-apotheke.at\/katalog\/wp-json\/wp\/v2\/types\/product"}],"wp:featuredmedia":[{"embeddable":true,"href":"https:\/\/www.ernstbrunn-apotheke.at\/katalog\/wp-json\/wp\/v2\/media\/39392"}],"wp:attachment":[{"href":"https:\/\/www.ernstbrunn-apotheke.at\/katalog\/wp-json\/wp\/v2\/media?parent=39390"}],"wp:term":[{"taxonomy":"product_brand","embeddable":true,"href":"https:\/\/www.ernstbrunn-apotheke.at\/katalog\/wp-json\/wp\/v2\/product_brand?post=39390"},{"taxonomy":"product_cat","embeddable":true,"href":"https:\/\/www.ernstbrunn-apotheke.at\/katalog\/wp-json\/wp\/v2\/product_cat?post=39390"},{"taxonomy":"product_tag","embeddable":true,"href":"https:\/\/www.ernstbrunn-apotheke.at\/katalog\/wp-json\/wp\/v2\/product_tag?post=39390"}],"curies":[{"name":"wp","href":"https:\/\/api.w.org\/{rel}","templated":true}]}}