{"id":39363,"date":"2025-11-10T13:52:13","date_gmt":"2025-11-10T12:52:13","guid":{"rendered":"https:\/\/www.ernstbrunn-apotheke.at\/katalog\/produkt\/schuessler-nr-5-kalium-phosphoricum-d6-kautabletten-100-g\/"},"modified":"2025-12-08T15:53:31","modified_gmt":"2025-12-08T14:53:31","slug":"schuessler-nr-5-kalium-phosphoricum-d6-kautabletten-100-g","status":"publish","type":"product","link":"https:\/\/www.ernstbrunn-apotheke.at\/katalog\/produkt\/schuessler-nr-5-kalium-phosphoricum-d6-kautabletten-100-g\/","title":{"rendered":"Sch\u00fc\u00dfler Nr. 5 Kalium phosphoricum D6 Kautabletten 100 g"},"content":{"rendered":"<p>Sch\u00fc\u00dfler Nr. 5 Kalium Phosphoricum Adler 100 g D 6 Kautabletten sind DER Energiespender! Der Mineralstoff kommt in allen Gehirn- und Nervenzellen, im Blut und in den Muskeln vor und ist ein unentbehrlicher Energietr\u00e4ger. Er bindet im K\u00f6rper das Lecithin. Bei Kraftlosigkeit, verbunden mit Weinerlichkeit ist eine Kombination mit Lecithin empfehlenswert.<\/p>\n","protected":false},"excerpt":{"rendered":"<p>Sch\u00fc\u00dfler Nr. 5 Kalium Phosphoricum Adler 100 g D 6 Kautabletten sind DER Energiespender! Der Mineralstoff kommt in allen Gehirn- und Nervenzellen, im Blut und in den Muskeln vor und ist ein unentbehrlicher Energietr\u00e4ger. Er bindet im K\u00f6rper das Lecithin. Bei Kraftlosigkeit, verbunden mit Weinerlichkeit ist eine Kombination mit Lecithin empfehlenswert.<\/p>\n","protected":false},"featured_media":39365,"template":"","meta":{"_acf_changed":false},"product_brand":[938],"product_cat":[791],"product_tag":[],"class_list":{"0":"post-39363","1":"product","2":"type-product","3":"status-publish","4":"has-post-thumbnail","6":"product_brand-schuessler","7":"product_cat-s","8":"pa_packungsgroesse-100g","10":"first","11":"instock","12":"shipping-taxable","13":"purchasable","14":"product-type-simple"},"acf":[],"_links":{"self":[{"href":"https:\/\/www.ernstbrunn-apotheke.at\/katalog\/wp-json\/wp\/v2\/product\/39363","targetHints":{"allow":["GET"]}}],"collection":[{"href":"https:\/\/www.ernstbrunn-apotheke.at\/katalog\/wp-json\/wp\/v2\/product"}],"about":[{"href":"https:\/\/www.ernstbrunn-apotheke.at\/katalog\/wp-json\/wp\/v2\/types\/product"}],"wp:featuredmedia":[{"embeddable":true,"href":"https:\/\/www.ernstbrunn-apotheke.at\/katalog\/wp-json\/wp\/v2\/media\/39365"}],"wp:attachment":[{"href":"https:\/\/www.ernstbrunn-apotheke.at\/katalog\/wp-json\/wp\/v2\/media?parent=39363"}],"wp:term":[{"taxonomy":"product_brand","embeddable":true,"href":"https:\/\/www.ernstbrunn-apotheke.at\/katalog\/wp-json\/wp\/v2\/product_brand?post=39363"},{"taxonomy":"product_cat","embeddable":true,"href":"https:\/\/www.ernstbrunn-apotheke.at\/katalog\/wp-json\/wp\/v2\/product_cat?post=39363"},{"taxonomy":"product_tag","embeddable":true,"href":"https:\/\/www.ernstbrunn-apotheke.at\/katalog\/wp-json\/wp\/v2\/product_tag?post=39363"}],"curies":[{"name":"wp","href":"https:\/\/api.w.org\/{rel}","templated":true}]}}