{"id":39333,"date":"2025-11-10T13:52:13","date_gmt":"2025-11-10T12:52:13","guid":{"rendered":"https:\/\/www.ernstbrunn-apotheke.at\/katalog\/produkt\/schuessler-nr-8-natrium-chloratum-d6-kautabletten-100-g\/"},"modified":"2025-12-08T15:53:27","modified_gmt":"2025-12-08T14:53:27","slug":"schuessler-nr-8-natrium-chloratum-d6-kautabletten-100-g","status":"publish","type":"product","link":"https:\/\/www.ernstbrunn-apotheke.at\/katalog\/produkt\/schuessler-nr-8-natrium-chloratum-d6-kautabletten-100-g\/","title":{"rendered":"Sch\u00fc\u00dfler Nr. 8 Natrium chloratum D6 Kautabletten 100 g"},"content":{"rendered":"<p>Sch\u00fc\u00dfler Nr. 8 Natrium Chloratum Adler D 6 Kautabletten regulieren den W\u00e4rme- und Fl\u00fcssigkeitshaushalt im K\u00f6rper. Sie sind f\u00fcr den Aufbau aller Schleimh\u00e4ute zust\u00e4ndig. Die Nr. 8 bindet im K\u00f6rper den Schleimstoff. Dieser Mineralstoff wird immer angewendet, wenn das Schleimsekret glasklar ist.Die Anwendung ergibt sich aus den beschriebenen Funktionen der Mineralstoffe. Tabletten im Mund zergehen lassen oder protionsweise \u00fcber den Tag verteilt in Wasser l\u00f6sen und schl\u00fcckchenweise einnehmen. Die Dosierung richtet sich nach der St\u00e4rke des Bedarfs.Die Sch\u00fc\u00dfler Kautabletten enthalten als Hauptbestandteil Isomalt und Mannit, damit sind sie f\u00fcr Personen mit Laktoseintoleranz geeignet. Die Sch\u00fc\u00dfler Kautabletten sind 1:1 hinsichtlich Potenzierung und Dosierung und im Sinne der biochemischen Heilweise nach den \u00dcberlegungen Dr. Sch\u00fc\u00dflers anzuwenden. Laktoseintolerante Personen k\u00f6nnen ab nun unbesorgt zu diesen Sch\u00fc\u00dfler Kautabletten von Adler Pharma greifen und m\u00fcssen nicht mehr den Umweg \u00fcber die alkoholhaltigen Dilutionen w\u00e4hlen..<\/p>\n","protected":false},"excerpt":{"rendered":"<p>Sch\u00fc\u00dfler Nr. 8 Natrium Chloratum Adler D 6 Kautabletten regulieren den W\u00e4rme- und Fl\u00fcssigkeitshaushalt im K\u00f6rper. Sie sind f\u00fcr den Aufbau aller Schleimh\u00e4ute zust\u00e4ndig. Die Nr. 8 bindet im K\u00f6rper den Schleimstoff. Dieser Mineralstoff wird immer angewendet, wenn das Schleimsekret glasklar ist.Die Anwendung ergibt sich aus den beschriebenen Funktionen der Mineralstoffe. Tabletten im Mund zergehen [&hellip;]<\/p>\n","protected":false},"featured_media":39335,"template":"","meta":{"_acf_changed":false},"product_brand":[938],"product_cat":[791],"product_tag":[],"class_list":{"0":"post-39333","1":"product","2":"type-product","3":"status-publish","4":"has-post-thumbnail","6":"product_brand-schuessler","7":"product_cat-s","8":"pa_packungsgroesse-100g","10":"first","11":"instock","12":"shipping-taxable","13":"purchasable","14":"product-type-simple"},"acf":[],"_links":{"self":[{"href":"https:\/\/www.ernstbrunn-apotheke.at\/katalog\/wp-json\/wp\/v2\/product\/39333","targetHints":{"allow":["GET"]}}],"collection":[{"href":"https:\/\/www.ernstbrunn-apotheke.at\/katalog\/wp-json\/wp\/v2\/product"}],"about":[{"href":"https:\/\/www.ernstbrunn-apotheke.at\/katalog\/wp-json\/wp\/v2\/types\/product"}],"wp:featuredmedia":[{"embeddable":true,"href":"https:\/\/www.ernstbrunn-apotheke.at\/katalog\/wp-json\/wp\/v2\/media\/39335"}],"wp:attachment":[{"href":"https:\/\/www.ernstbrunn-apotheke.at\/katalog\/wp-json\/wp\/v2\/media?parent=39333"}],"wp:term":[{"taxonomy":"product_brand","embeddable":true,"href":"https:\/\/www.ernstbrunn-apotheke.at\/katalog\/wp-json\/wp\/v2\/product_brand?post=39333"},{"taxonomy":"product_cat","embeddable":true,"href":"https:\/\/www.ernstbrunn-apotheke.at\/katalog\/wp-json\/wp\/v2\/product_cat?post=39333"},{"taxonomy":"product_tag","embeddable":true,"href":"https:\/\/www.ernstbrunn-apotheke.at\/katalog\/wp-json\/wp\/v2\/product_tag?post=39333"}],"curies":[{"name":"wp","href":"https:\/\/api.w.org\/{rel}","templated":true}]}}