{"id":39329,"date":"2025-11-10T13:52:13","date_gmt":"2025-11-10T12:52:13","guid":{"rendered":"https:\/\/www.ernstbrunn-apotheke.at\/katalog\/produkt\/adler-pharma-ortho-aktiv-elasto-flex-kapseln-60-stk\/"},"modified":"2025-12-08T15:53:26","modified_gmt":"2025-12-08T14:53:26","slug":"adler-pharma-ortho-aktiv-elasto-flex-kapseln-60-stk","status":"publish","type":"product","link":"https:\/\/www.ernstbrunn-apotheke.at\/katalog\/produkt\/adler-pharma-ortho-aktiv-elasto-flex-kapseln-60-stk\/","title":{"rendered":"Adler Pharma Ortho Aktiv Elasto Flex Kapseln 60 Stk."},"content":{"rendered":"<p>Adler Ortho Aktiv &#8211; die auf jedes Sch\u00fc\u00dfler Salz von Nr. 1 &#8211; Nr. 12 abgestimmte N\u00e4hrstoffkombinationen, welche die ganzk\u00f6rperliche Wirkung des betreffenden Sch\u00fc\u00dfler Salzes begleiten und unterst\u00fctzen. wird zur Erhaltung normaler Z\u00e4hne ben\u00f6tigtVitamin C tr\u00e4gt zu einer normalen Kollagenbildung f\u00fcr eine normale Funktion der Haut, der Z\u00e4hne und des Zahnfleisches sowie der Blutgef\u00e4\u00dfe beiKupfer tr\u00e4gt zu einer normalen Haut- und Haarpigmentierung beiMangan tr\u00e4gt zu einer normalen Bindegewebsbildung beiZink tr\u00e4gt zur Erhaltung normaler Haut, Haare und N\u00e4gel beiEnth\u00e4lt Vitamin E und Molybd\u00e4n.<\/p>\n","protected":false},"excerpt":{"rendered":"<p>Adler Ortho Aktiv &#8211; die auf jedes Sch\u00fc\u00dfler Salz von Nr. 1 &#8211; Nr. 12 abgestimmte N\u00e4hrstoffkombinationen, welche die ganzk\u00f6rperliche Wirkung des betreffenden Sch\u00fc\u00dfler Salzes begleiten und unterst\u00fctzen. wird zur Erhaltung normaler Z\u00e4hne ben\u00f6tigtVitamin C tr\u00e4gt zu einer normalen Kollagenbildung f\u00fcr eine normale Funktion der Haut, der Z\u00e4hne und des Zahnfleisches sowie der Blutgef\u00e4\u00dfe beiKupfer [&hellip;]<\/p>\n","protected":false},"featured_media":39331,"template":"","meta":{"_acf_changed":false},"product_brand":[928],"product_cat":[801],"product_tag":[],"class_list":{"0":"post-39329","1":"product","2":"type-product","3":"status-publish","4":"has-post-thumbnail","6":"product_brand-adler-pharma","7":"product_cat-a","8":"pa_packungsgroesse-60-stueck","10":"first","11":"instock","12":"shipping-taxable","13":"purchasable","14":"product-type-simple"},"acf":[],"_links":{"self":[{"href":"https:\/\/www.ernstbrunn-apotheke.at\/katalog\/wp-json\/wp\/v2\/product\/39329","targetHints":{"allow":["GET"]}}],"collection":[{"href":"https:\/\/www.ernstbrunn-apotheke.at\/katalog\/wp-json\/wp\/v2\/product"}],"about":[{"href":"https:\/\/www.ernstbrunn-apotheke.at\/katalog\/wp-json\/wp\/v2\/types\/product"}],"wp:featuredmedia":[{"embeddable":true,"href":"https:\/\/www.ernstbrunn-apotheke.at\/katalog\/wp-json\/wp\/v2\/media\/39331"}],"wp:attachment":[{"href":"https:\/\/www.ernstbrunn-apotheke.at\/katalog\/wp-json\/wp\/v2\/media?parent=39329"}],"wp:term":[{"taxonomy":"product_brand","embeddable":true,"href":"https:\/\/www.ernstbrunn-apotheke.at\/katalog\/wp-json\/wp\/v2\/product_brand?post=39329"},{"taxonomy":"product_cat","embeddable":true,"href":"https:\/\/www.ernstbrunn-apotheke.at\/katalog\/wp-json\/wp\/v2\/product_cat?post=39329"},{"taxonomy":"product_tag","embeddable":true,"href":"https:\/\/www.ernstbrunn-apotheke.at\/katalog\/wp-json\/wp\/v2\/product_tag?post=39329"}],"curies":[{"name":"wp","href":"https:\/\/api.w.org\/{rel}","templated":true}]}}